{"id":964,"date":"2018-10-01T17:54:25","date_gmt":"2018-10-02T00:54:25","guid":{"rendered":"http:\/\/localhost:8080\/?post_type=product&#038;p=964"},"modified":"2025-10-22T14:45:24","modified_gmt":"2025-10-22T21:45:24","slug":"loadbanks-direct-900kw","status":"publish","type":"product","link":"https:\/\/www.calpower.com\/web\/en\/shop\/marine-generators-en\/loadbanks-direct-900kw\/","title":{"rendered":"LoadBanks Direct 900Kw"},"content":{"rendered":"El banco de carga estacionario LS900\r\n\r\nUn banco de carga robusto y de alta capacidad listo para el aire libre.\r\nEl banco de carga estacionario LS900 ofrece el dise\u00f1o para exteriores m\u00e1s robusto y de alta capacidad de la industria. LBD est\u00e1 estableciendo el est\u00e1ndar con controles de operador inteligentes, dise\u00f1os de indicaciones de seguridad, resoluci\u00f3n de paso de carga ajustable y facilidad de instalaci\u00f3n. El LS900 es la soluci\u00f3n perfecta para pruebas y puesta en servicio programadas regularmente de sistemas de energ\u00eda de emergencia de reserva de misi\u00f3n cr\u00edtica.\r\n\r\nConstru\u00eddo para perdurar\r\n\r\nEl LS900 est\u00e1 construido de acero galvanizado con acabado de pintura en polvo duradero de la m\u00e1s alta calidad y sujetadores externos de acero inoxidable. Todas las conexiones de alimentaci\u00f3n, motor y control se proporcionan en un compartimento calentado y controlado termost\u00e1ticamente, sellado para limitar los efectos nocivos de la humedad y la condensaci\u00f3n.\r\n\r\nEl gabinete es de tipo estacionario, construcci\u00f3n al aire libre, para ser instalado y operado en un piso, techo o plataforma de concreto. Se proporcionan canales para montacargas dentro de la base para facilitar el levantamiento y el manejo durante la instalaci\u00f3n.\r\n\r\n<strong><a href=\\\"https:\/\/www.calpower.com\/web\/wp-content\/uploads\/LS900-Stationary-Load-banks.pdf\\\">Descargar PDF<\/a><\/strong>","protected":false},"excerpt":{"rendered":"<p>El banco de carga estacionario LS900 Un banco de carga robusto y de alta capacidad listo para el aire libre. El banco de carga estacionario LS900 ofrece el dise\u00f1o para exteriores m\u00e1s robusto y de alta capacidad de la industria. LBD est\u00e1 estableciendo el est\u00e1ndar con controles de operador inteligentes, dise\u00f1os de indicaciones de seguridad, [&hellip;]<\/p>\n","protected":false},"featured_media":960,"comment_status":"closed","ping_status":"closed","template":"","meta":{"_acf_changed":false,"_joinchat":[]},"product_brand":[774],"product_cat":[122],"product_tag":[580],"class_list":{"0":"post-964","1":"product","2":"type-product","3":"status-publish","4":"has-post-thumbnail","6":"product_brand-load-banks-direct-en","7":"product_cat-marine-generators-en","8":"product_tag-en-en","10":"first","11":"instock","12":"shipping-taxable","13":"product-type-simple"},"acf":[],"_links":{"self":[{"href":"https:\/\/www.calpower.com\/web\/wp-json\/wp\/v2\/product\/964","targetHints":{"allow":["GET"]}}],"collection":[{"href":"https:\/\/www.calpower.com\/web\/wp-json\/wp\/v2\/product"}],"about":[{"href":"https:\/\/www.calpower.com\/web\/wp-json\/wp\/v2\/types\/product"}],"replies":[{"embeddable":true,"href":"https:\/\/www.calpower.com\/web\/wp-json\/wp\/v2\/comments?post=964"}],"wp:featuredmedia":[{"embeddable":true,"href":"https:\/\/www.calpower.com\/web\/wp-json\/wp\/v2\/media\/960"}],"wp:attachment":[{"href":"https:\/\/www.calpower.com\/web\/wp-json\/wp\/v2\/media?parent=964"}],"wp:term":[{"taxonomy":"product_brand","embeddable":true,"href":"https:\/\/www.calpower.com\/web\/wp-json\/wp\/v2\/product_brand?post=964"},{"taxonomy":"product_cat","embeddable":true,"href":"https:\/\/www.calpower.com\/web\/wp-json\/wp\/v2\/product_cat?post=964"},{"taxonomy":"product_tag","embeddable":true,"href":"https:\/\/www.calpower.com\/web\/wp-json\/wp\/v2\/product_tag?post=964"}],"curies":[{"name":"wp","href":"https:\/\/api.w.org\/{rel}","templated":true}]}}