{"id":6533,"date":"2025-10-20T16:20:24","date_gmt":"2025-10-20T23:20:24","guid":{"rendered":"https:\/\/www.calpower.com\/web\/?post_type=product&#038;p=6533"},"modified":"2025-10-20T16:47:33","modified_gmt":"2025-10-20T23:47:33","slug":"loadbanks-direct-500-kw-es","status":"publish","type":"product","link":"https:\/\/www.calpower.com\/web\/shop\/generadores-marinos\/loadbanks-direct-500-kw-es\/","title":{"rendered":"LoadBanks Direct 500 KW"},"content":{"rendered":"<div class=\"page\" title=\"Page 1\">\n<div class=\"section\">\n<div class=\"layoutArea\">\n<div class=\"column\">\n<p>Banco de carga port\u00e1til LP500.<\/p>\n<p>Su dise\u00f1o resistente y port\u00e1til satisface las exigencias del transporte y las pruebas diarias.<\/p>\n<p>El banco de carga port\u00e1til para interiores LP500 ofrece el dise\u00f1o m\u00e1s robusto y de mayor capacidad del sector. LBD est\u00e1 estableciendo el est\u00e1ndar con controles inteligentes para el operador, dise\u00f1os de indicaciones de seguridad, resoluci\u00f3n de pasos de carga ajustable y dise\u00f1os ligeros. El LP500 es la soluci\u00f3n perfecta para las pruebas de mantenimiento programadas regularmente y la puesta en marcha de sistemas de energ\u00eda de emergencia de reserva de misi\u00f3n cr\u00edtica.<\/p>\n<p>Construcci\u00f3n | Fabricado para durar<\/p>\n<p>El LP500 est\u00e1 fabricado en acero galvanizado con un acabado de pintura en polvo duradero de la m\u00e1s alta calidad. La portabilidad y la facilidad de posicionamiento se consiguen gracias a las asas m\u00f3viles y las ruedas de alta resistencia. Los dispositivos de sujeci\u00f3n permiten un transporte seguro hacia y desde los lugares de trabajo.<\/p>\n<p>Conexiones r\u00e1pidas | Cuando el tiempo importa<\/p>\n<p>El LP500 cuenta con un conjunto de conectores de alimentaci\u00f3n Cam-Lok exclusivos en el sector y totalmente homologados, codificados por colores para la seguridad del operador y la f\u00e1cil identificaci\u00f3n de las fases. Las cubiertas protectoras a presi\u00f3n proporcionan una seguridad adicional durante el almacenamiento y el funcionamiento.<\/p>\n<div class=\"page\" title=\"Page 1\">\n<div class=\"section\">\n<div class=\"layoutArea\">\n<div class=\"column\">\n<p><strong><a href=\"https:\/\/www.calpower.com\/web\/wp-content\/uploads\/LP500-Portable-high-capacity-Load-Banks.pdf\">Descargar PDF<\/a><\/strong><\/p>\n<\/div>\n<\/div>\n<\/div>\n<\/div>\n<\/div>\n<\/div>\n<\/div>\n<\/div>\n","protected":false},"excerpt":{"rendered":"<p>Laboratorio: Tijuana<br \/>\nModelo: LP500 &#8211; 240 &#8211; 480 &#8211; 5 MT<br \/>\nSerie: N1410 &#8211; 444<br \/>\nEstado: Disponible<\/p>\n","protected":false},"featured_media":422,"comment_status":"closed","ping_status":"closed","template":"","meta":{"_acf_changed":false,"_joinchat":[]},"product_brand":[45],"product_cat":[482],"product_tag":[441],"class_list":{"0":"post-6533","1":"product","2":"type-product","3":"status-publish","4":"has-post-thumbnail","6":"product_brand-load-banks-direct","7":"product_cat-generadores-marinos","8":"product_tag-es","10":"first","11":"instock","12":"shipping-taxable","13":"product-type-simple"},"acf":[],"_links":{"self":[{"href":"https:\/\/www.calpower.com\/web\/wp-json\/wp\/v2\/product\/6533","targetHints":{"allow":["GET"]}}],"collection":[{"href":"https:\/\/www.calpower.com\/web\/wp-json\/wp\/v2\/product"}],"about":[{"href":"https:\/\/www.calpower.com\/web\/wp-json\/wp\/v2\/types\/product"}],"replies":[{"embeddable":true,"href":"https:\/\/www.calpower.com\/web\/wp-json\/wp\/v2\/comments?post=6533"}],"wp:featuredmedia":[{"embeddable":true,"href":"https:\/\/www.calpower.com\/web\/wp-json\/wp\/v2\/media\/422"}],"wp:attachment":[{"href":"https:\/\/www.calpower.com\/web\/wp-json\/wp\/v2\/media?parent=6533"}],"wp:term":[{"taxonomy":"product_brand","embeddable":true,"href":"https:\/\/www.calpower.com\/web\/wp-json\/wp\/v2\/product_brand?post=6533"},{"taxonomy":"product_cat","embeddable":true,"href":"https:\/\/www.calpower.com\/web\/wp-json\/wp\/v2\/product_cat?post=6533"},{"taxonomy":"product_tag","embeddable":true,"href":"https:\/\/www.calpower.com\/web\/wp-json\/wp\/v2\/product_tag?post=6533"}],"curies":[{"name":"wp","href":"https:\/\/api.w.org\/{rel}","templated":true}]}}