{"id":6530,"date":"2025-10-20T16:17:37","date_gmt":"2025-10-20T23:17:37","guid":{"rendered":"https:\/\/www.calpower.com\/web\/?post_type=product&#038;p=6530"},"modified":"2025-10-30T16:15:41","modified_gmt":"2025-10-30T23:15:41","slug":"generator-whisperwatt-mq-power-220-kva-es","status":"publish","type":"product","link":"https:\/\/www.calpower.com\/web\/shop\/generadores-marinos\/generator-whisperwatt-mq-power-220-kva-es\/","title":{"rendered":"Generador Whisperwatt\/MQ Potencia 220 kVA"},"content":{"rendered":"<p>Multi-Quip DCA-220ssk. Generador di\u00e9sel. 220 kVA de potencia nominal (176 kW y 193 kW de potencia de reserva). Motor Volvo Penta. 240\/480 V, 60 Hz, 1800 rpm. Panel de control anal\u00f3gico. Alarmas y sistemas de seguridad de apagado. Carcasa con aislamiento ac\u00fastico. Montado sobre remolque (2 ejes). 2 dep\u00f3sitos (en la unidad + remolque). Banco de carga probado a plena carga.<\/p>\n","protected":false},"excerpt":{"rendered":"<ul>\n<li>ID DEL ART\u00cdCULO: 308<\/li>\n<li>PRECIO:<\/li>\n<li>CAPACIDAD: 220 Kva<\/li>\n<li>ESTADO: Usado<\/li>\n<li>FABRICANTE: Multi-Quip<\/li>\n<li>FABRICANTE DEL MOTOR: Volvo Penta<\/li>\n<li>MODELO DEL MOTOR: TAD 741 GE<\/li>\n<li>VOLTAJE: 240\/480 V<\/li>\n<li>FRECUENCIA: 60 Hz<\/li>\n<li>CARCASA: Carcasa con atenuaci\u00f3n ac\u00fastica<\/li>\n<li>CATEGOR\u00cdA: Grupo electr\u00f3geno<\/li>\n<li>SUBCATEGOR\u00cdA: Generador di\u00e9sel<\/li>\n<li>HORAS:<\/li>\n<li>A\u00d1O: 2001<\/li>\n<li>UBICACI\u00d3N: San Diego, California.<\/li>\n<\/ul>\n","protected":false},"featured_media":6668,"comment_status":"closed","ping_status":"closed","template":"","meta":{"_acf_changed":false,"_joinchat":[]},"product_brand":[45],"product_cat":[482],"product_tag":[441,116,115,1049],"class_list":{"0":"post-6530","1":"product","2":"type-product","3":"status-publish","4":"has-post-thumbnail","6":"product_brand-load-banks-direct","7":"product_cat-generadores-marinos","8":"product_tag-es","9":"product_tag-id293","10":"product_tag-id308","11":"product_tag-renta","13":"first","14":"instock","15":"shipping-taxable","16":"purchasable","17":"product-type-simple"},"acf":[],"_links":{"self":[{"href":"https:\/\/www.calpower.com\/web\/wp-json\/wp\/v2\/product\/6530","targetHints":{"allow":["GET"]}}],"collection":[{"href":"https:\/\/www.calpower.com\/web\/wp-json\/wp\/v2\/product"}],"about":[{"href":"https:\/\/www.calpower.com\/web\/wp-json\/wp\/v2\/types\/product"}],"replies":[{"embeddable":true,"href":"https:\/\/www.calpower.com\/web\/wp-json\/wp\/v2\/comments?post=6530"}],"wp:featuredmedia":[{"embeddable":true,"href":"https:\/\/www.calpower.com\/web\/wp-json\/wp\/v2\/media\/6668"}],"wp:attachment":[{"href":"https:\/\/www.calpower.com\/web\/wp-json\/wp\/v2\/media?parent=6530"}],"wp:term":[{"taxonomy":"product_brand","embeddable":true,"href":"https:\/\/www.calpower.com\/web\/wp-json\/wp\/v2\/product_brand?post=6530"},{"taxonomy":"product_cat","embeddable":true,"href":"https:\/\/www.calpower.com\/web\/wp-json\/wp\/v2\/product_cat?post=6530"},{"taxonomy":"product_tag","embeddable":true,"href":"https:\/\/www.calpower.com\/web\/wp-json\/wp\/v2\/product_tag?post=6530"}],"curies":[{"name":"wp","href":"https:\/\/api.w.org\/{rel}","templated":true}]}}