{"id":6528,"date":"2025-10-20T16:15:49","date_gmt":"2025-10-20T23:15:49","guid":{"rendered":"https:\/\/www.calpower.com\/web\/?post_type=product&#038;p=6528"},"modified":"2025-10-20T16:59:02","modified_gmt":"2025-10-20T23:59:02","slug":"loadbanks-direct-100-kw-es","status":"publish","type":"product","link":"https:\/\/www.calpower.com\/web\/shop\/generadores-marinos\/loadbanks-direct-100-kw-es\/","title":{"rendered":"LoadBanks Direct 100 KW"},"content":{"rendered":"<div class=\"page\" title=\"Page 1\">\n<div class=\"section\">\n<div class=\"layoutArea\">\n<div class=\"column\">\n<p>Banco de carga port\u00e1til LC100.<\/p>\n<p>Su dise\u00f1o resistente y compacto satisface las exigencias del transporte y las pruebas diarias.<\/p>\n<p>El banco de carga port\u00e1til para interiores LC100 ofrece el dise\u00f1o m\u00e1s compacto y de mayor capacidad del sector. LBD est\u00e1 estableciendo el est\u00e1ndar con controles inteligentes para el operador, dise\u00f1os de indicaciones de seguridad, resoluci\u00f3n de pasos de carga ajustable y dise\u00f1os ligeros. El LC100 es la soluci\u00f3n perfecta para las pruebas de mantenimiento programadas regularmente y la puesta en marcha de sistemas de energ\u00eda de emergencia de reserva de misi\u00f3n cr\u00edtica.<\/p>\n<p>Construcci\u00f3n | Fabricado para durar<\/p>\n<p>El LC100 est\u00e1 fabricado en acero galvanizado con un acabado de pintura en polvo duradero de la m\u00e1s alta calidad. La portabilidad y la facilidad de posicionamiento se consiguen gracias al asa m\u00f3vil y al malet\u00edn de transporte opcional con ruedas.<\/p>\n<p>Conexiones r\u00e1pidas | Cuando el tiempo importa<\/p>\n<p>El LC100 cuenta con un conjunto de conectores de alimentaci\u00f3n Cam-Lok exclusivos en el sector y totalmente homologados, codificados por colores para la seguridad del operador y la f\u00e1cil identificaci\u00f3n de las fases. Las cubiertas protectoras a presi\u00f3n proporcionan una seguridad adicional durante el almacenamiento y el funcionamiento.<\/p>\n<div class=\"page\" title=\"Page 1\">\n<div class=\"section\">\n<div class=\"layoutArea\">\n<div class=\"column\">\n<p><strong><a href=\"https:\/\/www.calpower.com\/web\/wp-content\/uploads\/LP100-Portable-high-capacity-Load-Banks.pdf\">Descargar PDF<\/a><\/strong><\/p>\n<\/div>\n<\/div>\n<\/div>\n<\/div>\n<\/div>\n<\/div>\n<\/div>\n<\/div>\n","protected":false},"excerpt":{"rendered":"<p>Lab: Tijuana<br \/>\nModelo: LP100<\/p>\n","protected":false},"featured_media":931,"comment_status":"closed","ping_status":"closed","template":"","meta":{"_acf_changed":false,"_joinchat":[]},"product_brand":[45],"product_cat":[482],"product_tag":[441],"class_list":{"0":"post-6528","1":"product","2":"type-product","3":"status-publish","4":"has-post-thumbnail","6":"product_brand-load-banks-direct","7":"product_cat-generadores-marinos","8":"product_tag-es","10":"first","11":"instock","12":"shipping-taxable","13":"product-type-simple"},"acf":[],"_links":{"self":[{"href":"https:\/\/www.calpower.com\/web\/wp-json\/wp\/v2\/product\/6528","targetHints":{"allow":["GET"]}}],"collection":[{"href":"https:\/\/www.calpower.com\/web\/wp-json\/wp\/v2\/product"}],"about":[{"href":"https:\/\/www.calpower.com\/web\/wp-json\/wp\/v2\/types\/product"}],"replies":[{"embeddable":true,"href":"https:\/\/www.calpower.com\/web\/wp-json\/wp\/v2\/comments?post=6528"}],"wp:featuredmedia":[{"embeddable":true,"href":"https:\/\/www.calpower.com\/web\/wp-json\/wp\/v2\/media\/931"}],"wp:attachment":[{"href":"https:\/\/www.calpower.com\/web\/wp-json\/wp\/v2\/media?parent=6528"}],"wp:term":[{"taxonomy":"product_brand","embeddable":true,"href":"https:\/\/www.calpower.com\/web\/wp-json\/wp\/v2\/product_brand?post=6528"},{"taxonomy":"product_cat","embeddable":true,"href":"https:\/\/www.calpower.com\/web\/wp-json\/wp\/v2\/product_cat?post=6528"},{"taxonomy":"product_tag","embeddable":true,"href":"https:\/\/www.calpower.com\/web\/wp-json\/wp\/v2\/product_tag?post=6528"}],"curies":[{"name":"wp","href":"https:\/\/api.w.org\/{rel}","templated":true}]}}