{"id":6527,"date":"2025-10-20T16:15:09","date_gmt":"2025-10-20T23:15:09","guid":{"rendered":"https:\/\/www.calpower.com\/web\/?post_type=product&#038;p=6527"},"modified":"2025-10-20T16:58:02","modified_gmt":"2025-10-20T23:58:02","slug":"loadbanks-direct-asco-avtron-5000-es","status":"publish","type":"product","link":"https:\/\/www.calpower.com\/web\/shop\/generadores-marinos\/loadbanks-direct-asco-avtron-5000-es\/","title":{"rendered":"LoadBanks Direct ASCO Avtron 5000"},"content":{"rendered":"<div class=\"page\" title=\"Page 2\">\n<div class=\"section\">\n<div class=\"layoutArea\">\n<div class=\"column\">\n<p>Los bancos de carga ASCO Avtron SERIE 5000 son unidades resistivas montadas en remolques aptas para uso en exteriores, dise\u00f1adas para realizar pruebas de potencia con factor de potencia unitario. Basados en una construcci\u00f3n robusta y resistente, los modelos de la SERIE 5000 est\u00e1n pensados para un uso continuo y fabricados para soportar las duras condiciones clim\u00e1ticas de los lugares de trabajo.<\/p>\n<p>Todos los modelos se pueden personalizar para una aplicaci\u00f3n concreta y est\u00e1n disponibles en potencias de entre 200 y 3000 kW con un amplio rango de tensi\u00f3n de prueba. Todos los modelos de la SERIE 5000 comparten caracter\u00edsticas de dise\u00f1o comunes, lo que da como resultado un banco de carga de fiabilidad probada a un precio rentable. El control manual local es est\u00e1ndar en la SERIE 5000. El control SIGMA y otros controles digitales est\u00e1n disponibles como opci\u00f3n cuando se requiere una interfaz de red, modbus o sistema de gesti\u00f3n de edificios (BMS).<\/p>\n<p>Las aplicaciones t\u00edpicas de los bancos de carga de la SERIE 5000 incluyen misiones cr\u00edticas, centros de datos, alquiler, servicio y mantenimiento de generadores, OEM y energ\u00edas renovables.<\/p>\n<p>Adem\u00e1s de la SERIE 5000, tambi\u00e9n hay disponible una amplia gama de otras SERIES de bancos de carga.<\/p>\n<p><strong><a href=\"https:\/\/www.calpower.com\/web\/wp-content\/uploads\/asco-avtron-5000-series-load-bank-brochure.pdf\">Download PDF<\/a><\/strong><\/p>\n<\/div>\n<\/div>\n<\/div>\n<\/div>\n","protected":false},"excerpt":{"rendered":"<p>Los bancos de carga ASCO Avtron SERIE 5000 son unidades resistivas montadas en remolques aptas para uso en exteriores, dise\u00f1adas para realizar pruebas de potencia con factor de potencia unitario. Basados en una construcci\u00f3n robusta y resistente, los modelos de la SERIE 5000 est\u00e1n pensados para un uso continuo y fabricados para soportar las duras [&hellip;]<\/p>\n","protected":false},"featured_media":938,"comment_status":"closed","ping_status":"closed","template":"","meta":{"_acf_changed":false,"_joinchat":[]},"product_brand":[45],"product_cat":[482],"product_tag":[441],"class_list":{"0":"post-6527","1":"product","2":"type-product","3":"status-publish","4":"has-post-thumbnail","6":"product_brand-load-banks-direct","7":"product_cat-generadores-marinos","8":"product_tag-es","10":"first","11":"instock","12":"shipping-taxable","13":"product-type-simple"},"acf":[],"_links":{"self":[{"href":"https:\/\/www.calpower.com\/web\/wp-json\/wp\/v2\/product\/6527","targetHints":{"allow":["GET"]}}],"collection":[{"href":"https:\/\/www.calpower.com\/web\/wp-json\/wp\/v2\/product"}],"about":[{"href":"https:\/\/www.calpower.com\/web\/wp-json\/wp\/v2\/types\/product"}],"replies":[{"embeddable":true,"href":"https:\/\/www.calpower.com\/web\/wp-json\/wp\/v2\/comments?post=6527"}],"wp:featuredmedia":[{"embeddable":true,"href":"https:\/\/www.calpower.com\/web\/wp-json\/wp\/v2\/media\/938"}],"wp:attachment":[{"href":"https:\/\/www.calpower.com\/web\/wp-json\/wp\/v2\/media?parent=6527"}],"wp:term":[{"taxonomy":"product_brand","embeddable":true,"href":"https:\/\/www.calpower.com\/web\/wp-json\/wp\/v2\/product_brand?post=6527"},{"taxonomy":"product_cat","embeddable":true,"href":"https:\/\/www.calpower.com\/web\/wp-json\/wp\/v2\/product_cat?post=6527"},{"taxonomy":"product_tag","embeddable":true,"href":"https:\/\/www.calpower.com\/web\/wp-json\/wp\/v2\/product_tag?post=6527"}],"curies":[{"name":"wp","href":"https:\/\/api.w.org\/{rel}","templated":true}]}}