{"id":6524,"date":"2025-10-20T16:12:49","date_gmt":"2025-10-20T23:12:49","guid":{"rendered":"https:\/\/www.calpower.com\/web\/?post_type=product&#038;p=6524"},"modified":"2025-10-22T14:39:09","modified_gmt":"2025-10-22T21:39:09","slug":"loadbanks-direct-250kw-es","status":"publish","type":"product","link":"https:\/\/www.calpower.com\/web\/shop\/generadores-marinos\/loadbanks-direct-250kw-es\/","title":{"rendered":"LoadBanks Direct 250Kw"},"content":{"rendered":"<div class=\"page\" title=\"Page 1\">\n<div class=\"section\">\n<div class=\"layoutArea\">\n<div class=\"column\">\n<p>Banco de carga estacionario LS250<\/p>\n<p>Un banco de carga robusto y de alta capacidad listo para su uso en exteriores.<\/p>\n<p>El banco de carga estacionario LS250 ofrece el dise\u00f1o para exteriores m\u00e1s robusto y de mayor capacidad del sector. LBD est\u00e1 estableciendo el est\u00e1ndar con controles inteligentes para el operador, dise\u00f1os de indicaci\u00f3n de seguridad, resoluci\u00f3n de pasos de carga ajustable y facilidad de instalaci\u00f3n. El LS250 es la soluci\u00f3n perfecta para las pruebas y la puesta en marcha programadas regularmente de los sistemas de energ\u00eda de emergencia de reserva cr\u00edticos para la misi\u00f3n.<\/p>\n<p>Medidor de potencia digital<\/p>\n<p>Un sistema de medici\u00f3n de potencia digital trif\u00e1sico totalmente equipado que mide un rango est\u00e1ndar de 16 par\u00e1metros de carga. Incluye RS485 (protocolo Modbus) para lectura remota, compatible con PC, PLC y registradores de datos.<\/p>\n<p>Protecci\u00f3n del operador | Cuando la seguridad es importante<\/p>\n<p>El LS250 viene equipado con un bot\u00f3n de parada de emergencia que permite al operador desconectar la unidad en caso de que se produzca una situaci\u00f3n cr\u00edtica que requiera una parada inmediata.<\/p>\n<p>La protecci\u00f3n con fusibles del circuito derivado proporciona protecci\u00f3n contra fallos por cortocircuito en todos los pasos de carga, lo que elimina la posibilidad de fallos catastr\u00f3ficos. Los circuitos de ventilador encendido, sobrecarga del motor, fallo del flujo de aire y sobretemperatura desactivan todos los pasos de carga durante una condici\u00f3n de fallo con indicadores visuales para el operador. Las unidades de doble voltaje cuentan con un circuito de protecci\u00f3n contra voltaje incorrecto que evita la aplicaci\u00f3n de 480 VCA con el selector de voltaje de carga en la posici\u00f3n de 240 VCA. El circuito de descarga de carga proporciona al operador una indicaci\u00f3n visual si se han eliminado todos los pasos de carga.<\/p>\n<div class=\"page\" title=\"Page 1\">\n<div class=\"section\">\n<div class=\"layoutArea\">\n<div class=\"column\">\n<div class=\"page\" title=\"Page 1\">\n<div class=\"section\">\n<div class=\"layoutArea\">\n<div class=\"column\">\n<p><strong><a href=\"https:\/\/www.calpower.com\/web\/wp-content\/uploads\/LS250-Stationary-Load-banks.pdf\">Descargar PDF<\/a><\/strong><\/p>\n<\/div>\n<\/div>\n<\/div>\n<\/div>\n<\/div>\n<\/div>\n<\/div>\n<\/div>\n<\/div>\n<\/div>\n<\/div>\n<\/div>\n","protected":false},"excerpt":{"rendered":"<p>Banco de carga estacionario LS250 Un banco de carga robusto y de alta capacidad listo para su uso en exteriores. El banco de carga estacionario LS250 ofrece el dise\u00f1o para exteriores m\u00e1s robusto y de mayor capacidad del sector. LBD est\u00e1 estableciendo el est\u00e1ndar con controles inteligentes para el operador, dise\u00f1os de indicaci\u00f3n de seguridad, [&hellip;]<\/p>\n","protected":false},"featured_media":953,"comment_status":"closed","ping_status":"closed","template":"","meta":{"_acf_changed":false,"_joinchat":[]},"product_brand":[45],"product_cat":[482],"product_tag":[441],"class_list":{"0":"post-6524","1":"product","2":"type-product","3":"status-publish","4":"has-post-thumbnail","6":"product_brand-load-banks-direct","7":"product_cat-generadores-marinos","8":"product_tag-es","10":"first","11":"instock","12":"shipping-taxable","13":"product-type-simple"},"acf":[],"_links":{"self":[{"href":"https:\/\/www.calpower.com\/web\/wp-json\/wp\/v2\/product\/6524","targetHints":{"allow":["GET"]}}],"collection":[{"href":"https:\/\/www.calpower.com\/web\/wp-json\/wp\/v2\/product"}],"about":[{"href":"https:\/\/www.calpower.com\/web\/wp-json\/wp\/v2\/types\/product"}],"replies":[{"embeddable":true,"href":"https:\/\/www.calpower.com\/web\/wp-json\/wp\/v2\/comments?post=6524"}],"wp:featuredmedia":[{"embeddable":true,"href":"https:\/\/www.calpower.com\/web\/wp-json\/wp\/v2\/media\/953"}],"wp:attachment":[{"href":"https:\/\/www.calpower.com\/web\/wp-json\/wp\/v2\/media?parent=6524"}],"wp:term":[{"taxonomy":"product_brand","embeddable":true,"href":"https:\/\/www.calpower.com\/web\/wp-json\/wp\/v2\/product_brand?post=6524"},{"taxonomy":"product_cat","embeddable":true,"href":"https:\/\/www.calpower.com\/web\/wp-json\/wp\/v2\/product_cat?post=6524"},{"taxonomy":"product_tag","embeddable":true,"href":"https:\/\/www.calpower.com\/web\/wp-json\/wp\/v2\/product_tag?post=6524"}],"curies":[{"name":"wp","href":"https:\/\/api.w.org\/{rel}","templated":true}]}}