{"id":6509,"date":"2025-10-20T15:45:55","date_gmt":"2025-10-20T22:45:55","guid":{"rendered":"https:\/\/www.calpower.com\/web\/?post_type=product&#038;p=6509"},"modified":"2025-10-24T08:34:15","modified_gmt":"2025-10-24T15:34:15","slug":"cables-assemblies-es","status":"publish","type":"product","link":"https:\/\/www.calpower.com\/web\/shop\/generadores-marinos\/cables-assemblies-es\/","title":{"rendered":"Montajes de cables"},"content":{"rendered":"<div class=\"page\" title=\"Page 1\">\n<div class=\"layoutArea\">\n<div class=\"column\">\n<div class=\"page\" title=\"Page 1\">\n<div class=\"layoutArea\">\n<div class=\"column\">\n<div class=\"page\" title=\"Page 1\">\n<div class=\"section\">\n<div class=\"layoutArea\">\n<div class=\"column\">\n<p>Las extensiones de cable CAM Lock de uso extrarresistente tipo W se utilizan ampliamente en la industria de energ\u00eda temporal. Estos conjuntos de cables est\u00e1n hechos de componentes listados por UL. Power Assemblies hace un menor recorte en la bota para que el cable est\u00e9 m\u00e1s adentro para un ensamblaje m\u00e1s duradero. Cada conjunto de 25&#8242; o m\u00e1s viene completo con una correa de anillo en D doble.<\/p>\n<\/div>\n<\/div>\n<\/div>\n<\/div>\n<\/div>\n<\/div>\n<\/div>\n<\/div>\n<\/div>\n<\/div>\n","protected":false},"excerpt":{"rendered":"<p>Las extensiones de cable CAM Lock de uso extrarresistente tipo W se utilizan ampliamente en la industria de energ\u00eda temporal. Estos conjuntos de cables est\u00e1n hechos de componentes listados por UL. Power Assemblies hace un menor recorte en la bota para que el cable est\u00e9 m\u00e1s adentro para un ensamblaje m\u00e1s duradero. Cada conjunto de [&hellip;]<\/p>\n","protected":false},"featured_media":1631,"comment_status":"closed","ping_status":"closed","template":"","meta":{"_acf_changed":false,"_joinchat":[]},"product_brand":[],"product_cat":[482],"product_tag":[441],"class_list":{"0":"post-6509","1":"product","2":"type-product","3":"status-publish","4":"has-post-thumbnail","6":"product_cat-generadores-marinos","7":"product_tag-es","9":"first","10":"instock","11":"shipping-taxable","12":"product-type-simple"},"acf":[],"_links":{"self":[{"href":"https:\/\/www.calpower.com\/web\/wp-json\/wp\/v2\/product\/6509","targetHints":{"allow":["GET"]}}],"collection":[{"href":"https:\/\/www.calpower.com\/web\/wp-json\/wp\/v2\/product"}],"about":[{"href":"https:\/\/www.calpower.com\/web\/wp-json\/wp\/v2\/types\/product"}],"replies":[{"embeddable":true,"href":"https:\/\/www.calpower.com\/web\/wp-json\/wp\/v2\/comments?post=6509"}],"wp:featuredmedia":[{"embeddable":true,"href":"https:\/\/www.calpower.com\/web\/wp-json\/wp\/v2\/media\/1631"}],"wp:attachment":[{"href":"https:\/\/www.calpower.com\/web\/wp-json\/wp\/v2\/media?parent=6509"}],"wp:term":[{"taxonomy":"product_brand","embeddable":true,"href":"https:\/\/www.calpower.com\/web\/wp-json\/wp\/v2\/product_brand?post=6509"},{"taxonomy":"product_cat","embeddable":true,"href":"https:\/\/www.calpower.com\/web\/wp-json\/wp\/v2\/product_cat?post=6509"},{"taxonomy":"product_tag","embeddable":true,"href":"https:\/\/www.calpower.com\/web\/wp-json\/wp\/v2\/product_tag?post=6509"}],"curies":[{"name":"wp","href":"https:\/\/api.w.org\/{rel}","templated":true}]}}