{"id":6507,"date":"2025-10-20T15:38:36","date_gmt":"2025-10-20T22:38:36","guid":{"rendered":"https:\/\/www.calpower.com\/web\/?post_type=product&#038;p=6507"},"modified":"2025-10-24T08:36:18","modified_gmt":"2025-10-24T15:36:18","slug":"special-applications-es","status":"publish","type":"product","link":"https:\/\/www.calpower.com\/web\/shop\/generadores-marinos\/special-applications-es\/","title":{"rendered":"Aplicaciones especiales"},"content":{"rendered":"<p>Hacer un dise\u00f1o personalizado es una cosa. Hacer transformadores para aplicaciones especiales es algo totalmente diferente. Las aplicaciones especiales ofrecen por defecto ciertos desaf\u00edos cuando se trata de dise\u00f1ar transformadores. Tenemos la experiencia y el conocimiento para dise\u00f1ar y fabricar transformadores que se adapten a su operaci\u00f3n sin importar la aplicaci\u00f3n.<\/p>\n<ul>\n<li>Transformadores y reactores de puesta a tierra<\/li>\n<li>Transformadores de arranque<\/li>\n<li>Transformadores de horno<\/li>\n<li>Transformadores de tracci\u00f3n<\/li>\n<li>Transformadores multivoltaje<\/li>\n<li>Transformadores rectificadores y convertidores<\/li>\n<\/ul>\n","protected":false},"excerpt":{"rendered":"<p>Hacer un dise\u00f1o personalizado es una cosa. Hacer transformadores para aplicaciones especiales es algo totalmente diferente. Las aplicaciones especiales ofrecen por defecto ciertos desaf\u00edos cuando se trata de dise\u00f1ar transformadores. Tenemos la experiencia y el conocimiento para dise\u00f1ar y fabricar transformadores que se adapten a su operaci\u00f3n sin importar la aplicaci\u00f3n. Transformadores y reactores de [&hellip;]<\/p>\n","protected":false},"featured_media":1008,"comment_status":"closed","ping_status":"closed","template":"","meta":{"_acf_changed":false,"_joinchat":[]},"product_brand":[],"product_cat":[482],"product_tag":[441],"class_list":{"0":"post-6507","1":"product","2":"type-product","3":"status-publish","4":"has-post-thumbnail","6":"product_cat-generadores-marinos","7":"product_tag-es","9":"first","10":"instock","11":"shipping-taxable","12":"product-type-simple"},"acf":[],"_links":{"self":[{"href":"https:\/\/www.calpower.com\/web\/wp-json\/wp\/v2\/product\/6507","targetHints":{"allow":["GET"]}}],"collection":[{"href":"https:\/\/www.calpower.com\/web\/wp-json\/wp\/v2\/product"}],"about":[{"href":"https:\/\/www.calpower.com\/web\/wp-json\/wp\/v2\/types\/product"}],"replies":[{"embeddable":true,"href":"https:\/\/www.calpower.com\/web\/wp-json\/wp\/v2\/comments?post=6507"}],"wp:featuredmedia":[{"embeddable":true,"href":"https:\/\/www.calpower.com\/web\/wp-json\/wp\/v2\/media\/1008"}],"wp:attachment":[{"href":"https:\/\/www.calpower.com\/web\/wp-json\/wp\/v2\/media?parent=6507"}],"wp:term":[{"taxonomy":"product_brand","embeddable":true,"href":"https:\/\/www.calpower.com\/web\/wp-json\/wp\/v2\/product_brand?post=6507"},{"taxonomy":"product_cat","embeddable":true,"href":"https:\/\/www.calpower.com\/web\/wp-json\/wp\/v2\/product_cat?post=6507"},{"taxonomy":"product_tag","embeddable":true,"href":"https:\/\/www.calpower.com\/web\/wp-json\/wp\/v2\/product_tag?post=6507"}],"curies":[{"name":"wp","href":"https:\/\/api.w.org\/{rel}","templated":true}]}}