{"id":6506,"date":"2025-10-20T15:31:43","date_gmt":"2025-10-20T22:31:43","guid":{"rendered":"https:\/\/www.calpower.com\/web\/?post_type=product&#038;p=6506"},"modified":"2025-10-24T08:37:25","modified_gmt":"2025-10-24T15:37:25","slug":"fast-track-projects-es","status":"publish","type":"product","link":"https:\/\/www.calpower.com\/web\/shop\/generadores-marinos\/fast-track-projects-es\/","title":{"rendered":"Fast Track Projects"},"content":{"rendered":"<p>Para FAST TRACK PROJECTS nuestros clientes aprecian mucho nuestra r\u00e1pida respuesta, disponibilidad y enfoque general.<\/p>\n<p>Bien conectado \u2013 en todo el mundo<\/p>\n<ul>\n<li>Conocemos m\u00e1s de 260 fabricantes de transformadores en todo el mundo y su rango de producci\u00f3n. Podemos buscar r\u00e1pidamente la capacidad de producci\u00f3n no utilizada para poder entregar un nuevo transformador con un tiempo de entrega corto sin importar la aplicaci\u00f3n especial, la distribuci\u00f3n est\u00e1ndar o la potencia de los transformadores.<\/li>\n<li>Hemos construido una red de intermediarios de transformadores, distribuidores y empresas almacenistas. Podemos buscar r\u00e1pidamente transformadores disponibles en stock con entrega inmediata que coincidan con sus principales requisitos t\u00e9cnicos.<\/li>\n<li>En otras palabras, un \u00fanico punto de contacto con alcance global para el suministro de transformadores.M\u00e1s que un fabricante \u2013 M\u00e1s que una empresa comercial<\/li>\n<li>El papel de BTB Plaza en la cadena de suministro evoluciona con cada paso del proceso (de consultor\/proveedor de servicios a proveedor)<\/li>\n<li>Nuestro proceso t\u00edpico comienza con el mapeo de las necesidades de los clientes. Esto para poder atender a nuestros clientes de la mejor manera posible y poder ofrecer la mejor soluci\u00f3n posible desde una perspectiva t\u00e9cnica, comercial o de tiempo de entrega.<\/li>\n<li>BTB Plaza es neutral e independiente, lo que nos coloca en una posici\u00f3n \u00fanica para trabajar como un verdadero socio de cooperaci\u00f3n para la empresa compradora y poder ayudarlos a encontrar una soluci\u00f3n a la necesidad del transformador.<\/li>\n<li>No estamos limitados a una f\u00e1brica o marca espec\u00edfica, lo que significa que podemos utilizar m\u00faltiples fuentes para resolver las necesidades de los clientes.<\/li>\n<li>BTB Plaza puede ofrecer una gama completa de transformadores tanto como fabricados nuevos, excedentes, de segunda mano &#8220;tal cual&#8221; o reformados parcial o totalmente.<\/li>\n<li>BTB Plaza tiene una amplia experiencia en la industria de transformadores. Conocemos el producto, el proceso de producci\u00f3n, la log\u00edstica y los fabricantes.<\/li>\n<\/ul>\n","protected":false},"excerpt":{"rendered":"<p>Para FAST TRACK PROJECTS nuestros clientes aprecian mucho nuestra r\u00e1pida respuesta, disponibilidad y enfoque general. Bien conectado \u2013 en todo el mundo Conocemos m\u00e1s de 260 fabricantes de transformadores en todo el mundo y su rango de producci\u00f3n. Podemos buscar r\u00e1pidamente la capacidad de producci\u00f3n no utilizada para poder entregar un nuevo transformador con un [&hellip;]<\/p>\n","protected":false},"featured_media":1010,"comment_status":"closed","ping_status":"closed","template":"","meta":{"_acf_changed":false,"_joinchat":[]},"product_brand":[],"product_cat":[482],"product_tag":[441],"class_list":{"0":"post-6506","1":"product","2":"type-product","3":"status-publish","4":"has-post-thumbnail","6":"product_cat-generadores-marinos","7":"product_tag-es","9":"first","10":"instock","11":"shipping-taxable","12":"product-type-simple"},"acf":[],"_links":{"self":[{"href":"https:\/\/www.calpower.com\/web\/wp-json\/wp\/v2\/product\/6506","targetHints":{"allow":["GET"]}}],"collection":[{"href":"https:\/\/www.calpower.com\/web\/wp-json\/wp\/v2\/product"}],"about":[{"href":"https:\/\/www.calpower.com\/web\/wp-json\/wp\/v2\/types\/product"}],"replies":[{"embeddable":true,"href":"https:\/\/www.calpower.com\/web\/wp-json\/wp\/v2\/comments?post=6506"}],"wp:featuredmedia":[{"embeddable":true,"href":"https:\/\/www.calpower.com\/web\/wp-json\/wp\/v2\/media\/1010"}],"wp:attachment":[{"href":"https:\/\/www.calpower.com\/web\/wp-json\/wp\/v2\/media?parent=6506"}],"wp:term":[{"taxonomy":"product_brand","embeddable":true,"href":"https:\/\/www.calpower.com\/web\/wp-json\/wp\/v2\/product_brand?post=6506"},{"taxonomy":"product_cat","embeddable":true,"href":"https:\/\/www.calpower.com\/web\/wp-json\/wp\/v2\/product_cat?post=6506"},{"taxonomy":"product_tag","embeddable":true,"href":"https:\/\/www.calpower.com\/web\/wp-json\/wp\/v2\/product_tag?post=6506"}],"curies":[{"name":"wp","href":"https:\/\/api.w.org\/{rel}","templated":true}]}}