{"id":6498,"date":"2025-10-20T10:53:40","date_gmt":"2025-10-20T17:53:40","guid":{"rendered":"https:\/\/www.calpower.com\/web\/?post_type=product&#038;p=6498"},"modified":"2025-10-22T15:27:44","modified_gmt":"2025-10-22T22:27:44","slug":"transcube-global-30tcg-es","status":"publish","type":"product","link":"https:\/\/www.calpower.com\/web\/shop\/generadores-marinos\/transcube-global-30tcg-es\/","title":{"rendered":"TransCube Global 30TCG"},"content":{"rendered":"<p>TRANSCUBE GLOBAL 3000 SFL Ltr<br \/>\nContenedor IBC (contenedor intermedio para graneles) homologado por la ONU (Organizaci\u00f3n de las Naciones Unidas) para el transporte de combustible di\u00e9sel seg\u00fan la normativa ADR. El TransCube Global tiene un 110 % de contenci\u00f3n (acero dentro de acero) para garantizar el cumplimiento de las directrices de prevenci\u00f3n de la contaminaci\u00f3n (PPG2).<\/p>\n<ul>\n<li>Se apila f\u00e1cilmente en 2 alturas cuando est\u00e1 lleno o en 3 alturas cuando est\u00e1 vac\u00edo para reducir los requisitos de espacio de almacenamiento.<\/li>\n<li>Tapa de acceso para el mantenimiento y la inspecci\u00f3n del tanque interior.<\/li>\n<li>Ojales de elevaci\u00f3n a plena carga, cavidades para horquillas y deflectores internos dise\u00f1ados para permitir la manipulaci\u00f3n del TransCube Global lleno de combustible.<\/li>\n<li>Trampilla de acceso con cerradura de seguridad para alojar bombas (el\u00e9ctricas y manuales) y conexiones de alimentaci\u00f3n y retorno para hasta tres generadores.<\/li>\n<li>Capacidad para suministrar combustible a hasta tres generadores y repostar maquinaria de planta al mismo tiempo.<\/li>\n<li>Dimensionado para apilarse dentro de contenedores de transporte y en la plataforma de camiones, lo que permite un transporte econ\u00f3mico.<\/li>\n<li>Estructura protectora galvanizada que evita da\u00f1os en el tanque, la pintura y las calcoman\u00edas.<\/li>\n<\/ul>\n<p><strong><a href=\"https:\/\/www.calpower.com\/web\/wp-content\/uploads\/30tcg-eu-specification-sheet_v2-2.pdf\">Descargar PDF<\/a><\/strong><\/p>\n","protected":false},"excerpt":{"rendered":"<p>TRANSCUBE GLOBAL 3000 SFL Ltr Contenedor IBC (contenedor intermedio para graneles) homologado por la ONU (Organizaci\u00f3n de las Naciones Unidas) para el transporte de combustible di\u00e9sel seg\u00fan la normativa ADR. El TransCube Global tiene un 110 % de contenci\u00f3n (acero dentro de acero) para garantizar el cumplimiento de las directrices de prevenci\u00f3n de la contaminaci\u00f3n [&hellip;]<\/p>\n","protected":false},"featured_media":1056,"comment_status":"closed","ping_status":"closed","template":"","meta":{"_acf_changed":false,"_joinchat":[]},"product_brand":[],"product_cat":[482],"product_tag":[441],"class_list":{"0":"post-6498","1":"product","2":"type-product","3":"status-publish","4":"has-post-thumbnail","6":"product_cat-generadores-marinos","7":"product_tag-es","9":"first","10":"instock","11":"shipping-taxable","12":"product-type-simple"},"acf":[],"_links":{"self":[{"href":"https:\/\/www.calpower.com\/web\/wp-json\/wp\/v2\/product\/6498","targetHints":{"allow":["GET"]}}],"collection":[{"href":"https:\/\/www.calpower.com\/web\/wp-json\/wp\/v2\/product"}],"about":[{"href":"https:\/\/www.calpower.com\/web\/wp-json\/wp\/v2\/types\/product"}],"replies":[{"embeddable":true,"href":"https:\/\/www.calpower.com\/web\/wp-json\/wp\/v2\/comments?post=6498"}],"wp:featuredmedia":[{"embeddable":true,"href":"https:\/\/www.calpower.com\/web\/wp-json\/wp\/v2\/media\/1056"}],"wp:attachment":[{"href":"https:\/\/www.calpower.com\/web\/wp-json\/wp\/v2\/media?parent=6498"}],"wp:term":[{"taxonomy":"product_brand","embeddable":true,"href":"https:\/\/www.calpower.com\/web\/wp-json\/wp\/v2\/product_brand?post=6498"},{"taxonomy":"product_cat","embeddable":true,"href":"https:\/\/www.calpower.com\/web\/wp-json\/wp\/v2\/product_cat?post=6498"},{"taxonomy":"product_tag","embeddable":true,"href":"https:\/\/www.calpower.com\/web\/wp-json\/wp\/v2\/product_tag?post=6498"}],"curies":[{"name":"wp","href":"https:\/\/api.w.org\/{rel}","templated":true}]}}