{"id":6496,"date":"2025-10-15T16:49:44","date_gmt":"2025-10-15T23:49:44","guid":{"rendered":"https:\/\/www.calpower.com\/web\/?post_type=product&#038;p=6496"},"modified":"2025-10-22T15:29:19","modified_gmt":"2025-10-22T22:29:19","slug":"transcube-global-50tcg-2","status":"publish","type":"product","link":"https:\/\/www.calpower.com\/web\/shop\/generadores-marinos\/transcube-global-50tcg-2\/","title":{"rendered":"TransCube Global 50TCG"},"content":{"rendered":"<p>El TRANSCUBE 50TCG es una soluci\u00f3n vers\u00e1til para el suministro de combustible a equipos di\u00e9sel de gran tama\u00f1o. Con 1,000 galones de combustible de reserva, se reduce la necesidad de visitas del cami\u00f3n cisterna, lo que a su vez le ayuda a disminuir su huella de carbono y sus gastos.<\/p>\n<ul>\n<li>Transportable. Ojos de elevaci\u00f3n a plena carga, cavidades para horquillas y deflectores internos dise\u00f1ados para permitir la manipulaci\u00f3n del tanque lleno de combustible.<\/li>\n<li>Apilable. F\u00e1cilmente apilable (2) a plena carga y (3) vac\u00edo para reducir los requisitos de espacio de almacenamiento.<\/li>\n<li>Accesible. Paso de acceso para el mantenimiento y la inspecci\u00f3n del tanque interior. Tanque interior extra\u00edble para su mantenimiento y limpieza.<\/li>\n<li>Eficiente. El gabinete con cerradura bloquea y asegura el equipo y los puertos de combustible para hacer funcionar hasta 3 equipos di\u00e9sel.<\/li>\n<li>Seguro para el medio ambiente. La doble pared con contenci\u00f3n del 110 % elimina la necesidad de bandejas de derrame, homologado por UL 142.<\/li>\n<\/ul>\n<p><strong><a href=\"https:\/\/www.calpower.com\/web\/wp-content\/uploads\/SDS_50TCG_NA_V1.pdf\">Descargar PDF<\/a><\/strong><\/p>\n","protected":false},"excerpt":{"rendered":"<p>El TRANSCUBE 50TCG es una soluci\u00f3n vers\u00e1til para el suministro de combustible a equipos di\u00e9sel de gran tama\u00f1o. Con 1,000 galones de combustible de reserva, se reduce la necesidad de visitas del cami\u00f3n cisterna, lo que a su vez le ayuda a disminuir su huella de carbono y sus gastos. Transportable. Ojos de elevaci\u00f3n a [&hellip;]<\/p>\n","protected":false},"featured_media":1066,"comment_status":"closed","ping_status":"closed","template":"","meta":{"_acf_changed":false,"_joinchat":[]},"product_brand":[93],"product_cat":[482],"product_tag":[441],"class_list":{"0":"post-6496","1":"product","2":"type-product","3":"status-publish","4":"has-post-thumbnail","6":"product_brand-western-global","7":"product_cat-generadores-marinos","8":"product_tag-es","10":"first","11":"instock","12":"shipping-taxable","13":"product-type-simple"},"acf":[],"_links":{"self":[{"href":"https:\/\/www.calpower.com\/web\/wp-json\/wp\/v2\/product\/6496","targetHints":{"allow":["GET"]}}],"collection":[{"href":"https:\/\/www.calpower.com\/web\/wp-json\/wp\/v2\/product"}],"about":[{"href":"https:\/\/www.calpower.com\/web\/wp-json\/wp\/v2\/types\/product"}],"replies":[{"embeddable":true,"href":"https:\/\/www.calpower.com\/web\/wp-json\/wp\/v2\/comments?post=6496"}],"wp:featuredmedia":[{"embeddable":true,"href":"https:\/\/www.calpower.com\/web\/wp-json\/wp\/v2\/media\/1066"}],"wp:attachment":[{"href":"https:\/\/www.calpower.com\/web\/wp-json\/wp\/v2\/media?parent=6496"}],"wp:term":[{"taxonomy":"product_brand","embeddable":true,"href":"https:\/\/www.calpower.com\/web\/wp-json\/wp\/v2\/product_brand?post=6496"},{"taxonomy":"product_cat","embeddable":true,"href":"https:\/\/www.calpower.com\/web\/wp-json\/wp\/v2\/product_cat?post=6496"},{"taxonomy":"product_tag","embeddable":true,"href":"https:\/\/www.calpower.com\/web\/wp-json\/wp\/v2\/product_tag?post=6496"}],"curies":[{"name":"wp","href":"https:\/\/api.w.org\/{rel}","templated":true}]}}