{"id":6494,"date":"2025-10-15T16:46:08","date_gmt":"2025-10-15T23:46:08","guid":{"rendered":"https:\/\/www.calpower.com\/web\/?post_type=product&#038;p=6494"},"modified":"2025-10-23T14:13:33","modified_gmt":"2025-10-23T21:13:33","slug":"transtank-200tt-cab-imdg-2","status":"publish","type":"product","link":"https:\/\/www.calpower.com\/web\/shop\/generadores-marinos\/transtank-200tt-cab-imdg-2\/","title":{"rendered":"TransTank 200TT-CAB-IMDG"},"content":{"rendered":"<p>&nbsp;<\/p>\n<p>Ya sea que sus necesidades de abastecimiento de combustible sean para entregas a granel, suministros de emergencia o aplicaciones militares, la serie TRANSTANK TT es su suministro de combustible r\u00e1pido y vers\u00e1til para generadores, bombas y mucho m\u00e1s.<\/p>\n<ul>\n<li>Transportable. Los deflectores internos evitan las sacudidas del combustible y ayudan a estabilizar la manipulaci\u00f3n y el transporte en cualquier nivel de llenado. Fabricado para cumplir con las dimensiones de los contenedores ISO, puede transportarse lleno por carretera, ferrocarril o mar.<\/li>\n<li>Apilable. F\u00e1cilmente apilable (6) lleno de combustible, lo que reduce los requisitos de transporte y espacio de almacenamiento.<\/li>\n<li>Accesible. Puerta de acceso para el mantenimiento y la inspecci\u00f3n del tanque interior. Tanque interior extra\u00edble para su mantenimiento y limpieza. Las cavidades para horquillas permiten manipular f\u00e1cilmente el tanque lleno de combustible.<\/li>\n<li>Eficiente. Nuestro armario con cerradura bloquea y asegura el equipo y los puertos de combustible para hacer funcionar hasta 4 equipos di\u00e9sel.<\/li>\n<li>Seguro para el medio ambiente. La doble pared con contenci\u00f3n del 110 % elimina la necesidad de bandejas de derrame, homologado por UL 142.<\/li>\n<\/ul>\n<p><strong><a href=\"https:\/\/www.calpower.com\/web\/wp-content\/uploads\/SDS_200TT-CAB-IMDG_NA_V1.pdf\">Descarga PDF<\/a><\/strong><\/p>\n","protected":false},"excerpt":{"rendered":"<p>&nbsp; Ya sea que sus necesidades de abastecimiento de combustible sean para entregas a granel, suministros de emergencia o aplicaciones militares, la serie TRANSTANK TT es su suministro de combustible r\u00e1pido y vers\u00e1til para generadores, bombas y mucho m\u00e1s. Transportable. Los deflectores internos evitan las sacudidas del combustible y ayudan a estabilizar la manipulaci\u00f3n y [&hellip;]<\/p>\n","protected":false},"featured_media":1075,"comment_status":"closed","ping_status":"closed","template":"","meta":{"_acf_changed":false,"_joinchat":[]},"product_brand":[93],"product_cat":[482],"product_tag":[441],"class_list":{"0":"post-6494","1":"product","2":"type-product","3":"status-publish","4":"has-post-thumbnail","6":"product_brand-western-global","7":"product_cat-generadores-marinos","8":"product_tag-es","10":"first","11":"instock","12":"shipping-taxable","13":"product-type-simple"},"acf":[],"_links":{"self":[{"href":"https:\/\/www.calpower.com\/web\/wp-json\/wp\/v2\/product\/6494","targetHints":{"allow":["GET"]}}],"collection":[{"href":"https:\/\/www.calpower.com\/web\/wp-json\/wp\/v2\/product"}],"about":[{"href":"https:\/\/www.calpower.com\/web\/wp-json\/wp\/v2\/types\/product"}],"replies":[{"embeddable":true,"href":"https:\/\/www.calpower.com\/web\/wp-json\/wp\/v2\/comments?post=6494"}],"wp:featuredmedia":[{"embeddable":true,"href":"https:\/\/www.calpower.com\/web\/wp-json\/wp\/v2\/media\/1075"}],"wp:attachment":[{"href":"https:\/\/www.calpower.com\/web\/wp-json\/wp\/v2\/media?parent=6494"}],"wp:term":[{"taxonomy":"product_brand","embeddable":true,"href":"https:\/\/www.calpower.com\/web\/wp-json\/wp\/v2\/product_brand?post=6494"},{"taxonomy":"product_cat","embeddable":true,"href":"https:\/\/www.calpower.com\/web\/wp-json\/wp\/v2\/product_cat?post=6494"},{"taxonomy":"product_tag","embeddable":true,"href":"https:\/\/www.calpower.com\/web\/wp-json\/wp\/v2\/product_tag?post=6494"}],"curies":[{"name":"wp","href":"https:\/\/api.w.org\/{rel}","templated":true}]}}