{"id":6493,"date":"2025-10-15T16:45:19","date_gmt":"2025-10-15T23:45:19","guid":{"rendered":"https:\/\/www.calpower.com\/web\/?post_type=product&#038;p=6493"},"modified":"2025-10-23T14:15:04","modified_gmt":"2025-10-23T21:15:04","slug":"transcube-offshore-20tcg-os-2","status":"publish","type":"product","link":"https:\/\/www.calpower.com\/web\/shop\/generadores-marinos\/transcube-offshore-20tcg-os-2\/","title":{"rendered":"TransCube Offshore 20TCG-OS"},"content":{"rendered":"<p>El TransCube 20TCG-OS es un tanque de combustible de doble pared certificado por su excelente cumplimiento medioambiental y facilidad de uso. Est\u00e1 homologado seg\u00fan los m\u00e1s altos est\u00e1ndares para su uso seguro en alta mar.<\/p>\n<ul>\n<li>Homologado por ABS seg\u00fan la norma EN12079 para su uso seguro en alta mar.<\/li>\n<li>Homologado como paquete 31AY para el transporte de mercanc\u00edas peligrosas en los grupos de embalaje II y III.<\/li>\n<li>Tapa de acceso para la inspecci\u00f3n interna del tanque, f\u00e1cil limpieza y mantenimiento. Cuatro cavidades para horquillas de montacargas para facilitar su manejo.<\/li>\n<li>Pintura de alta calidad para uso mar\u00edtimo en el exterior del tanque.<\/li>\n<li>Apilable hasta 3 unidades lleno o 5 unidades vac\u00edo.<\/li>\n<li>De doble pared, dise\u00f1o UL 142 para la protecci\u00f3n del medio ambiente.<\/li>\n<li>Armario con cerradura para guardar todos los accesorios y salidas dentro de un \u00e1rea de contenci\u00f3n secundaria con cerradura.<\/li>\n<\/ul>\n<p><strong><a href=\"https:\/\/www.calpower.com\/web\/wp-content\/uploads\/SDS_20TCG-OS_NA_V1.pdf\">Descarga PDF<\/a><\/strong><\/p>\n","protected":false},"excerpt":{"rendered":"<p>El TransCube 20TCG-OS es un tanque de combustible de doble pared certificado por su excelente cumplimiento medioambiental y facilidad de uso. Est\u00e1 homologado seg\u00fan los m\u00e1s altos est\u00e1ndares para su uso seguro en alta mar. Homologado por ABS seg\u00fan la norma EN12079 para su uso seguro en alta mar. Homologado como paquete 31AY para el [&hellip;]<\/p>\n","protected":false},"featured_media":1080,"comment_status":"closed","ping_status":"closed","template":"","meta":{"_acf_changed":false,"_joinchat":[]},"product_brand":[93],"product_cat":[482],"product_tag":[441],"class_list":{"0":"post-6493","1":"product","2":"type-product","3":"status-publish","4":"has-post-thumbnail","6":"product_brand-western-global","7":"product_cat-generadores-marinos","8":"product_tag-es","10":"first","11":"instock","12":"shipping-taxable","13":"product-type-simple"},"acf":[],"_links":{"self":[{"href":"https:\/\/www.calpower.com\/web\/wp-json\/wp\/v2\/product\/6493","targetHints":{"allow":["GET"]}}],"collection":[{"href":"https:\/\/www.calpower.com\/web\/wp-json\/wp\/v2\/product"}],"about":[{"href":"https:\/\/www.calpower.com\/web\/wp-json\/wp\/v2\/types\/product"}],"replies":[{"embeddable":true,"href":"https:\/\/www.calpower.com\/web\/wp-json\/wp\/v2\/comments?post=6493"}],"wp:featuredmedia":[{"embeddable":true,"href":"https:\/\/www.calpower.com\/web\/wp-json\/wp\/v2\/media\/1080"}],"wp:attachment":[{"href":"https:\/\/www.calpower.com\/web\/wp-json\/wp\/v2\/media?parent=6493"}],"wp:term":[{"taxonomy":"product_brand","embeddable":true,"href":"https:\/\/www.calpower.com\/web\/wp-json\/wp\/v2\/product_brand?post=6493"},{"taxonomy":"product_cat","embeddable":true,"href":"https:\/\/www.calpower.com\/web\/wp-json\/wp\/v2\/product_cat?post=6493"},{"taxonomy":"product_tag","embeddable":true,"href":"https:\/\/www.calpower.com\/web\/wp-json\/wp\/v2\/product_tag?post=6493"}],"curies":[{"name":"wp","href":"https:\/\/api.w.org\/{rel}","templated":true}]}}