{"id":6491,"date":"2025-10-15T16:43:25","date_gmt":"2025-10-15T23:43:25","guid":{"rendered":"https:\/\/www.calpower.com\/web\/?post_type=product&#038;p=6491"},"modified":"2025-10-23T14:40:49","modified_gmt":"2025-10-23T21:40:49","slug":"transtank-100tt-dnv-2","status":"publish","type":"product","link":"https:\/\/www.calpower.com\/web\/shop\/generadores-marinos\/transtank-100tt-dnv-2\/","title":{"rendered":"TransTank 100TT-DNV"},"content":{"rendered":"<p>La serie TransTank TT 100TT-DNV es un contenedor de combustible totalmente transportable y homologado para uso en alta mar, perfecto para el transporte a granel y el almacenamiento en instalaciones mar\u00edtimas.<\/p>\n<ul>\n<li>Homologado por Lloyd&#8217;s Register seg\u00fan la norma EN12079\/DNV2.7-1 para su uso seguro en alta mar.<\/li>\n<li>Homologado como tanque port\u00e1til de la ONU para el transporte de mercanc\u00edas peligrosas. Puerto de acceso para la inspecci\u00f3n interna del tanque, f\u00e1cil limpieza y mantenimiento.<\/li>\n<li>Bolsillos para carretilla elevadora para facilitar su manejo.<br \/>\nTama\u00f1o \u00f3ptimo para la log\u00edstica en todo el mundo (estructura de contenedor de 10 pies).<\/li>\n<li>Dise\u00f1o de doble pared UL 142 para la protecci\u00f3n del medio ambiente.<\/li>\n<li>Apilable en 3 alturas cuando est\u00e1 lleno o en 5 alturas cuando est\u00e1 vac\u00edo.<\/li>\n<li>Pintura de alta calidad de grado marino en el exterior del tanque.<\/li>\n<li>Armario para equipos con cerradura para guardar todos los accesorios y salidas dentro del \u00e1rea de contenci\u00f3n secundaria con cerradura.<\/li>\n<\/ul>\n<p><strong><a href=\"https:\/\/www.calpower.com\/web\/wp-content\/uploads\/SDS_100TT-DNV_NA_V1.pdf\">Descargar PDF<\/a><\/strong><\/p>\n","protected":false},"excerpt":{"rendered":"<p>La serie TransTank TT 100TT-DNV es un contenedor de combustible totalmente transportable y homologado para uso en alta mar, perfecto para el transporte a granel y el almacenamiento en instalaciones mar\u00edtimas. Homologado por Lloyd&#8217;s Register seg\u00fan la norma EN12079\/DNV2.7-1 para su uso seguro en alta mar. Homologado como tanque port\u00e1til de la ONU para el [&hellip;]<\/p>\n","protected":false},"featured_media":6588,"comment_status":"closed","ping_status":"closed","template":"","meta":{"_acf_changed":false,"_joinchat":[]},"product_brand":[93],"product_cat":[482],"product_tag":[441],"class_list":{"0":"post-6491","1":"product","2":"type-product","3":"status-publish","4":"has-post-thumbnail","6":"product_brand-western-global","7":"product_cat-generadores-marinos","8":"product_tag-es","10":"first","11":"instock","12":"shipping-taxable","13":"product-type-simple"},"acf":[],"_links":{"self":[{"href":"https:\/\/www.calpower.com\/web\/wp-json\/wp\/v2\/product\/6491","targetHints":{"allow":["GET"]}}],"collection":[{"href":"https:\/\/www.calpower.com\/web\/wp-json\/wp\/v2\/product"}],"about":[{"href":"https:\/\/www.calpower.com\/web\/wp-json\/wp\/v2\/types\/product"}],"replies":[{"embeddable":true,"href":"https:\/\/www.calpower.com\/web\/wp-json\/wp\/v2\/comments?post=6491"}],"wp:featuredmedia":[{"embeddable":true,"href":"https:\/\/www.calpower.com\/web\/wp-json\/wp\/v2\/media\/6588"}],"wp:attachment":[{"href":"https:\/\/www.calpower.com\/web\/wp-json\/wp\/v2\/media?parent=6491"}],"wp:term":[{"taxonomy":"product_brand","embeddable":true,"href":"https:\/\/www.calpower.com\/web\/wp-json\/wp\/v2\/product_brand?post=6491"},{"taxonomy":"product_cat","embeddable":true,"href":"https:\/\/www.calpower.com\/web\/wp-json\/wp\/v2\/product_cat?post=6491"},{"taxonomy":"product_tag","embeddable":true,"href":"https:\/\/www.calpower.com\/web\/wp-json\/wp\/v2\/product_tag?post=6491"}],"curies":[{"name":"wp","href":"https:\/\/api.w.org\/{rel}","templated":true}]}}