{"id":6483,"date":"2025-10-15T16:28:21","date_gmt":"2025-10-15T23:28:21","guid":{"rendered":"https:\/\/www.calpower.com\/web\/?post_type=product&#038;p=6483"},"modified":"2025-10-15T16:38:32","modified_gmt":"2025-10-15T23:38:32","slug":"transtank-p18-npb-2","status":"publish","type":"product","link":"https:\/\/www.calpower.com\/web\/shop\/generadores-marinos\/transtank-p18-npb-2\/","title":{"rendered":"TransTank P18-NPB"},"content":{"rendered":"<ul>\n<li>Dise\u00f1o de pared doble o autoaislante<\/li>\n<li>Protecci\u00f3n contra sobrellenado suministrada con cierre mec\u00e1nico y alarma audible \/ alarma visual<\/li>\n<li>Salida de aire libre con tapa impermeable<\/li>\n<li>Varilla de nivel de l\u00edquido calibrada<\/li>\n<li>V\u00e1lvula antisif\u00f3n instalada<\/li>\n<li>La escalera se puede colocar en cualquier lado<\/li>\n<li>El piso del tanque se ha ca\u00eddo hacia el frente para la recolecci\u00f3n de agua<\/li>\n<li>Carcasa de bah\u00eda de bomba unida (contenci\u00f3n de derrames) con paneles de ventilaci\u00f3n extra\u00edbles<\/li>\n<li>Puertas de seguridad montadas en el frente<\/li>\n<li>Se\u00f1alizaci\u00f3n reglamentaria<\/li>\n<li>Visibilidad debajo del tanque<\/li>\n<\/ul>\n<p><strong><a href=\"https:\/\/www.calpower.com\/web\/wp-content\/uploads\/SDS_P18-NPB_NA_V1.pdf\">Descargar PDF<\/a><\/strong><\/p>\n","protected":false},"excerpt":{"rendered":"<p>Dise\u00f1o de pared doble o autoaislante Protecci\u00f3n contra sobrellenado suministrada con cierre mec\u00e1nico y alarma audible \/ alarma visual Salida de aire libre con tapa impermeable Varilla de nivel de l\u00edquido calibrada V\u00e1lvula antisif\u00f3n instalada La escalera se puede colocar en cualquier lado El piso del tanque se ha ca\u00eddo hacia el frente para la [&hellip;]<\/p>\n","protected":false},"featured_media":6596,"comment_status":"closed","ping_status":"closed","template":"","meta":{"_acf_changed":false,"_joinchat":[]},"product_brand":[93],"product_cat":[482],"product_tag":[441],"class_list":{"0":"post-6483","1":"product","2":"type-product","3":"status-publish","4":"has-post-thumbnail","6":"product_brand-western-global","7":"product_cat-generadores-marinos","8":"product_tag-es","10":"first","11":"instock","12":"shipping-taxable","13":"product-type-simple"},"acf":[],"_links":{"self":[{"href":"https:\/\/www.calpower.com\/web\/wp-json\/wp\/v2\/product\/6483","targetHints":{"allow":["GET"]}}],"collection":[{"href":"https:\/\/www.calpower.com\/web\/wp-json\/wp\/v2\/product"}],"about":[{"href":"https:\/\/www.calpower.com\/web\/wp-json\/wp\/v2\/types\/product"}],"replies":[{"embeddable":true,"href":"https:\/\/www.calpower.com\/web\/wp-json\/wp\/v2\/comments?post=6483"}],"wp:featuredmedia":[{"embeddable":true,"href":"https:\/\/www.calpower.com\/web\/wp-json\/wp\/v2\/media\/6596"}],"wp:attachment":[{"href":"https:\/\/www.calpower.com\/web\/wp-json\/wp\/v2\/media?parent=6483"}],"wp:term":[{"taxonomy":"product_brand","embeddable":true,"href":"https:\/\/www.calpower.com\/web\/wp-json\/wp\/v2\/product_brand?post=6483"},{"taxonomy":"product_cat","embeddable":true,"href":"https:\/\/www.calpower.com\/web\/wp-json\/wp\/v2\/product_cat?post=6483"},{"taxonomy":"product_tag","embeddable":true,"href":"https:\/\/www.calpower.com\/web\/wp-json\/wp\/v2\/product_tag?post=6483"}],"curies":[{"name":"wp","href":"https:\/\/api.w.org\/{rel}","templated":true}]}}