{"id":6479,"date":"2025-10-15T16:18:47","date_gmt":"2025-10-15T23:18:47","guid":{"rendered":"https:\/\/www.calpower.com\/web\/?post_type=product&#038;p=6479"},"modified":"2025-10-23T16:55:48","modified_gmt":"2025-10-23T23:55:48","slug":"transtank-p69-2","status":"publish","type":"product","link":"https:\/\/www.calpower.com\/web\/shop\/generadores-marinos\/transtank-p69-2\/","title":{"rendered":"TransTank P69"},"content":{"rendered":"<ul>\n<li>Dise\u00f1o de doble pared o autoaislante.<\/li>\n<li>Protecci\u00f3n contra sobrellenado con cierre mec\u00e1nico y alarma sonora\/visual.<\/li>\n<li>Ventilaci\u00f3n exterior con cubierta impermeable.<\/li>\n<li>Varilla calibrada para medir el nivel de l\u00edquido.<\/li>\n<li>V\u00e1lvula antisif\u00f3n instalada.<\/li>\n<li>Escalera a ambos lados.<\/li>\n<li>Suelo del tanque inclinado hacia adelante para la recogida de agua.<\/li>\n<li>Recinto de bomba integrado (contenci\u00f3n de derrames) con paneles de ventilaci\u00f3n extra\u00edbles.<\/li>\n<li>Puertas de seguridad frontales.<\/li>\n<li>Se\u00f1alizaci\u00f3n reglamentaria.<\/li>\n<li>Visibilidad bajo el tanque.<\/li>\n<\/ul>\n<p><strong><a href=\"https:\/\/www.calpower.com\/web\/wp-content\/uploads\/SDS_P55-NPB_NA_V1.pdf\">Descargar PDF<\/a><\/strong><\/p>\n","protected":false},"excerpt":{"rendered":"<p>Dise\u00f1o de doble pared o autoaislante. Protecci\u00f3n contra sobrellenado con cierre mec\u00e1nico y alarma sonora\/visual. Ventilaci\u00f3n exterior con cubierta impermeable. Varilla calibrada para medir el nivel de l\u00edquido. V\u00e1lvula antisif\u00f3n instalada. Escalera a ambos lados. Suelo del tanque inclinado hacia adelante para la recogida de agua. Recinto de bomba integrado (contenci\u00f3n de derrames) con paneles [&hellip;]<\/p>\n","protected":false},"featured_media":1152,"comment_status":"closed","ping_status":"closed","template":"","meta":{"_acf_changed":false,"_joinchat":[]},"product_brand":[93],"product_cat":[482],"product_tag":[441],"class_list":{"0":"post-6479","1":"product","2":"type-product","3":"status-publish","4":"has-post-thumbnail","6":"product_brand-western-global","7":"product_cat-generadores-marinos","8":"product_tag-es","10":"first","11":"instock","12":"shipping-taxable","13":"product-type-simple"},"acf":[],"_links":{"self":[{"href":"https:\/\/www.calpower.com\/web\/wp-json\/wp\/v2\/product\/6479","targetHints":{"allow":["GET"]}}],"collection":[{"href":"https:\/\/www.calpower.com\/web\/wp-json\/wp\/v2\/product"}],"about":[{"href":"https:\/\/www.calpower.com\/web\/wp-json\/wp\/v2\/types\/product"}],"replies":[{"embeddable":true,"href":"https:\/\/www.calpower.com\/web\/wp-json\/wp\/v2\/comments?post=6479"}],"wp:featuredmedia":[{"embeddable":true,"href":"https:\/\/www.calpower.com\/web\/wp-json\/wp\/v2\/media\/1152"}],"wp:attachment":[{"href":"https:\/\/www.calpower.com\/web\/wp-json\/wp\/v2\/media?parent=6479"}],"wp:term":[{"taxonomy":"product_brand","embeddable":true,"href":"https:\/\/www.calpower.com\/web\/wp-json\/wp\/v2\/product_brand?post=6479"},{"taxonomy":"product_cat","embeddable":true,"href":"https:\/\/www.calpower.com\/web\/wp-json\/wp\/v2\/product_cat?post=6479"},{"taxonomy":"product_tag","embeddable":true,"href":"https:\/\/www.calpower.com\/web\/wp-json\/wp\/v2\/product_tag?post=6479"}],"curies":[{"name":"wp","href":"https:\/\/api.w.org\/{rel}","templated":true}]}}