{"id":6468,"date":"2025-10-15T16:14:44","date_gmt":"2025-10-15T23:14:44","guid":{"rendered":"https:\/\/www.calpower.com\/web\/?post_type=product&#038;p=6468"},"modified":"2025-10-24T08:19:13","modified_gmt":"2025-10-24T15:19:13","slug":"used-1025kw-generator-set-2","status":"publish","type":"product","link":"https:\/\/www.calpower.com\/web\/shop\/generadores-marinos\/used-1025kw-generator-set-2\/","title":{"rendered":"Motogenerador Usado 1,025kW"},"content":{"rendered":"<p>Set de Generador di\u00e9sel de 1025 kW<br \/>\n1025 kW continuos<br \/>\nMotor CAT 3512<br \/>\nTerminales de generador Kato de 480 V<br \/>\nAproximadamente 650 horas en total (originales) cada uno desde su fabricaci\u00f3n en 1994<br \/>\nMontaje en plataforma abierta (sin tanque)<br \/>\nCompleto, con radiador incorporado, como se ve en las im\u00e1genes<br \/>\nLas unidades se encuentran actualmente en modo de espera y se conectaron en paralelo para generar 2050 kW continuos. Se extrajeron de un hospital en San Diego, California, y el paquete incluye el tablero de distribuci\u00f3n, como se muestra en las im\u00e1genes. Tambi\u00e9n se incluyen silenciadores. Las unidades y todo lo mencionado como &#8220;Paquete&#8221; se cargar\u00e1n en los dos camiones del comprador.<\/p>\n","protected":false},"excerpt":{"rendered":"<p><strong>ITEM ID<\/strong>: 312<br \/>\n<strong>PRICE<\/strong>: $150,000 USD<br \/>\n<strong>KW<\/strong>: 1025<br \/>\n<strong>CONDITION<\/strong>: Used<br \/>\n<strong>MANUFACTURER<\/strong>: Caterpillar<br \/>\n<strong>ENGINE<\/strong> <strong>MANUFACTURER<\/strong>: <strong>Caterpillar<\/strong><br \/>\n<strong>ENGINE<\/strong> <strong>MODEL<\/strong>: 3512<br \/>\n<strong>PACKAGE<\/strong> <strong>MODEL<\/strong>: N\/A<br \/>\n<strong>PACKAGE S\/N<\/strong>: 24Z05681<br \/>\n<strong>HP<\/strong>: 1592<br \/>\n<strong>VOLTAGE<\/strong>: 480 V<br \/>\n<strong>ENCLOSURE<\/strong>: No<br \/>\n<strong>CATEGORY<\/strong>: Generator Set<br \/>\n<strong>SUB<\/strong>&#8211;<strong>CATEGORY<\/strong>: Diesel Generator<br \/>\n<strong>HOURS<\/strong>: 650<br \/>\n<strong>YEAR<\/strong>: 1994<br \/>\n<strong>EMISSIONS<\/strong>: n\/a<br \/>\n<strong>LOADBANK<\/strong> <strong>TESTED<\/strong><br \/>\n<strong>LOCATION<\/strong>: San Diego \/ Tijuana<\/p>\n","protected":false},"featured_media":1177,"comment_status":"closed","ping_status":"closed","template":"","meta":{"_acf_changed":false,"_joinchat":[]},"product_brand":[],"product_cat":[482],"product_tag":[441,107],"class_list":{"0":"post-6468","1":"product","2":"type-product","3":"status-publish","4":"has-post-thumbnail","6":"product_cat-generadores-marinos","7":"product_tag-es","8":"product_tag-usa","10":"first","11":"instock","12":"shipping-taxable","13":"purchasable","14":"product-type-simple"},"acf":[],"_links":{"self":[{"href":"https:\/\/www.calpower.com\/web\/wp-json\/wp\/v2\/product\/6468","targetHints":{"allow":["GET"]}}],"collection":[{"href":"https:\/\/www.calpower.com\/web\/wp-json\/wp\/v2\/product"}],"about":[{"href":"https:\/\/www.calpower.com\/web\/wp-json\/wp\/v2\/types\/product"}],"replies":[{"embeddable":true,"href":"https:\/\/www.calpower.com\/web\/wp-json\/wp\/v2\/comments?post=6468"}],"wp:featuredmedia":[{"embeddable":true,"href":"https:\/\/www.calpower.com\/web\/wp-json\/wp\/v2\/media\/1177"}],"wp:attachment":[{"href":"https:\/\/www.calpower.com\/web\/wp-json\/wp\/v2\/media?parent=6468"}],"wp:term":[{"taxonomy":"product_brand","embeddable":true,"href":"https:\/\/www.calpower.com\/web\/wp-json\/wp\/v2\/product_brand?post=6468"},{"taxonomy":"product_cat","embeddable":true,"href":"https:\/\/www.calpower.com\/web\/wp-json\/wp\/v2\/product_cat?post=6468"},{"taxonomy":"product_tag","embeddable":true,"href":"https:\/\/www.calpower.com\/web\/wp-json\/wp\/v2\/product_tag?post=6468"}],"curies":[{"name":"wp","href":"https:\/\/api.w.org\/{rel}","templated":true}]}}