{"id":6466,"date":"2025-10-15T16:01:56","date_gmt":"2025-10-15T23:01:56","guid":{"rendered":"https:\/\/www.calpower.com\/web\/?post_type=product&#038;p=6466"},"modified":"2025-10-24T08:19:39","modified_gmt":"2025-10-24T15:19:39","slug":"used-1025kw-generator-set","status":"publish","type":"product","link":"https:\/\/www.calpower.com\/web\/shop\/generadores-marinos\/used-1025kw-generator-set\/","title":{"rendered":"Motogenerador Usado 1,025kW"},"content":{"rendered":"<p>Grupos electr\u00f3genos di\u00e9sel de 1025 kW Motores CAT 3512 continuos de 1025 kW Generador Kato de 480 V con duraci\u00f3n total de aproximadamente 650 horas (original) cada uno desde que es nuevo en 1994 Montado sobre plataforma abierta (sin tanque) Completo, con radiador adjunto como se ve en las im\u00e1genes Las unidades que actualmente conectamos en modo de espera y las conectamos en paralelo para generar 2050 kW continuos Son extracciones de un hospital de San Diego, California, y el paquete incluye tablero de distribuci\u00f3n como se muestra en las im\u00e1genes Tambi\u00e9n se incluyen silenciadores Las unidades y todo lo mencionado como un &#8220;Paquete&#8221; se cargar\u00e1n en los 2 camiones de los compradores.<\/p>\n","protected":false},"excerpt":{"rendered":"<p><strong>ITEM<\/strong> <strong>ID<\/strong>: 313 <strong>PRICE<\/strong>: $150,000 USD <strong>KW<\/strong>: 1025 <strong>CONDITION<\/strong>: Used <strong>MANUFACTURER<\/strong>: Caterpillar <strong>ENGINE<\/strong> <strong>MANUFACTURER<\/strong>: Caterpillar <strong>ENGINE<\/strong> <strong>MODEL<\/strong>: 3512 <strong>PACKAGE<\/strong> <strong>MODEL<\/strong>: N\/A <strong>PACKAGE<\/strong> S\/N: 24Z05670 <strong>HP<\/strong>: 1592 <strong>VOLTAGE<\/strong>: 480 V <strong>ENCLOSURE<\/strong>: No <strong>CATEGORY<\/strong>: Generator Set <strong>SUB<\/strong>&#8211;<strong>CATEGORY<\/strong>: Diesel Generator <strong>HOURS<\/strong>: 650 <strong>YEAR<\/strong>: 1994 <strong>EMISSIONS<\/strong>: n\/a <strong>LOADBANK<\/strong> <strong>TESTED<\/strong> <strong>LOCATION<\/strong>: San Diego \/ Tijuana<\/p>\n","protected":false},"featured_media":6471,"comment_status":"closed","ping_status":"closed","template":"","meta":{"_acf_changed":false,"_joinchat":[]},"product_brand":[],"product_cat":[482],"product_tag":[441,107],"class_list":{"0":"post-6466","1":"product","2":"type-product","3":"status-publish","4":"has-post-thumbnail","6":"product_cat-generadores-marinos","7":"product_tag-es","8":"product_tag-usa","10":"first","11":"instock","12":"shipping-taxable","13":"purchasable","14":"product-type-simple"},"acf":[],"_links":{"self":[{"href":"https:\/\/www.calpower.com\/web\/wp-json\/wp\/v2\/product\/6466","targetHints":{"allow":["GET"]}}],"collection":[{"href":"https:\/\/www.calpower.com\/web\/wp-json\/wp\/v2\/product"}],"about":[{"href":"https:\/\/www.calpower.com\/web\/wp-json\/wp\/v2\/types\/product"}],"replies":[{"embeddable":true,"href":"https:\/\/www.calpower.com\/web\/wp-json\/wp\/v2\/comments?post=6466"}],"wp:featuredmedia":[{"embeddable":true,"href":"https:\/\/www.calpower.com\/web\/wp-json\/wp\/v2\/media\/6471"}],"wp:attachment":[{"href":"https:\/\/www.calpower.com\/web\/wp-json\/wp\/v2\/media?parent=6466"}],"wp:term":[{"taxonomy":"product_brand","embeddable":true,"href":"https:\/\/www.calpower.com\/web\/wp-json\/wp\/v2\/product_brand?post=6466"},{"taxonomy":"product_cat","embeddable":true,"href":"https:\/\/www.calpower.com\/web\/wp-json\/wp\/v2\/product_cat?post=6466"},{"taxonomy":"product_tag","embeddable":true,"href":"https:\/\/www.calpower.com\/web\/wp-json\/wp\/v2\/product_tag?post=6466"}],"curies":[{"name":"wp","href":"https:\/\/api.w.org\/{rel}","templated":true}]}}