{"id":6372,"date":"2025-09-29T16:15:23","date_gmt":"2025-09-29T23:15:23","guid":{"rendered":"https:\/\/www.calpower.com\/web\/?post_type=product&#038;p=6372"},"modified":"2025-09-29T16:16:05","modified_gmt":"2025-09-29T23:16:05","slug":"generador-75kw-93kva-usado-es","status":"publish","type":"product","link":"https:\/\/www.calpower.com\/web\/shop\/generadores\/generador-75kw-93kva-usado-es\/","title":{"rendered":"Generador 75kW\/93kVA Usado"},"content":{"rendered":"<p><span style=\"font-size: 15px;\">Generador marca Olympian modelo 93AO5003-S, No. de serie 2010994, Motor GMC de 8 cilindros, 75 kW \/ 93 kVA prime, voltaje 277\/480 V, Trif\u00e1sico, P.F.: 0.8, a 60 hz y 1,800 rpm, usa combustible tipo Gas Natural, viene montado en caseta de intemperie sobre pat\u00edn, no cuenta con tanque de combustible, probado con banco de carga, Tablero de control an\u00e1logo, alarmas y paros de emergencia, encendido autom\u00e1tico\/manual, bater\u00eda, cargador de bater\u00edas y breaker 150 Amp, importado nacional.<\/span><\/p>\n","protected":false},"excerpt":{"rendered":"<p>Generador marca Olympian modelo 93AO5003-S, No. de serie 2010994, Motor GMC de 8 cilindros, 75 kW \/ 93 kVA prime, voltaje 277\/480 V, Trif\u00e1sico, P.F.: 0.8, a 60 hz y 1,800 rpm, usa combustible tipo Gas Natural, viene montado en caseta de intemperie sobre pat\u00edn, no cuenta con tanque de combustible, probado con banco de [&hellip;]<\/p>\n","protected":false},"featured_media":6608,"comment_status":"closed","ping_status":"closed","template":"","meta":{"_acf_changed":false,"_joinchat":[]},"product_brand":[60],"product_cat":[565],"product_tag":[441],"class_list":{"0":"post-6372","1":"product","2":"type-product","3":"status-publish","4":"has-post-thumbnail","6":"product_brand-olympian","7":"product_cat-generadores","8":"product_tag-es","10":"first","11":"instock","12":"shipping-taxable","13":"product-type-simple"},"acf":[],"_links":{"self":[{"href":"https:\/\/www.calpower.com\/web\/wp-json\/wp\/v2\/product\/6372","targetHints":{"allow":["GET"]}}],"collection":[{"href":"https:\/\/www.calpower.com\/web\/wp-json\/wp\/v2\/product"}],"about":[{"href":"https:\/\/www.calpower.com\/web\/wp-json\/wp\/v2\/types\/product"}],"replies":[{"embeddable":true,"href":"https:\/\/www.calpower.com\/web\/wp-json\/wp\/v2\/comments?post=6372"}],"wp:featuredmedia":[{"embeddable":true,"href":"https:\/\/www.calpower.com\/web\/wp-json\/wp\/v2\/media\/6608"}],"wp:attachment":[{"href":"https:\/\/www.calpower.com\/web\/wp-json\/wp\/v2\/media?parent=6372"}],"wp:term":[{"taxonomy":"product_brand","embeddable":true,"href":"https:\/\/www.calpower.com\/web\/wp-json\/wp\/v2\/product_brand?post=6372"},{"taxonomy":"product_cat","embeddable":true,"href":"https:\/\/www.calpower.com\/web\/wp-json\/wp\/v2\/product_cat?post=6372"},{"taxonomy":"product_tag","embeddable":true,"href":"https:\/\/www.calpower.com\/web\/wp-json\/wp\/v2\/product_tag?post=6372"}],"curies":[{"name":"wp","href":"https:\/\/api.w.org\/{rel}","templated":true}]}}