{"id":4121,"date":"2024-03-21T13:46:38","date_gmt":"2024-03-21T20:46:38","guid":{"rendered":"https:\/\/www.calpower.com\/web\/shop\/sin%20categor\u00eda\/cat-olympian-d100p2-genset\/"},"modified":"2024-03-21T13:48:33","modified_gmt":"2024-03-21T20:48:33","slug":"cat-olympian-d100p2-genset","status":"publish","type":"product","link":"https:\/\/www.calpower.com\/web\/shop\/generadores\/cat-olympian-d100p2-genset\/","title":{"rendered":"CAT OLYMPIAN D100P2 GENSET"},"content":{"rendered":"Cabina ac\u00fastica, no tiene tanque base de combustible, encendido y apagado autom\u00e1tico, motor Perkins, 505 horas de uso desde nuevo en el a\u00f1o 2023, Interruptor termo magn\u00e9tico de 400 A, arranca sin problema, env\u00edos a cualquier lugar, equipo probados con carga.","protected":false},"excerpt":{"rendered":"<p>Used Olympian 100 kW<\/p>\n","protected":false},"featured_media":4122,"comment_status":"open","ping_status":"closed","template":"","meta":{"_acf_changed":false,"_joinchat":[]},"product_brand":[60],"product_cat":[565],"product_tag":[441],"class_list":{"0":"post-4121","1":"product","2":"type-product","3":"status-publish","4":"has-post-thumbnail","6":"product_brand-olympian","7":"product_cat-generadores","8":"product_tag-es","9":"pa_enclosure-sound-attenuated","10":"pa_frequency-60-hertz","11":"pa_location-los-angeles","12":"pa_voltage-240-480v","14":"first","15":"instock","16":"shipping-taxable","17":"purchasable","18":"product-type-simple"},"acf":[],"_links":{"self":[{"href":"https:\/\/www.calpower.com\/web\/wp-json\/wp\/v2\/product\/4121","targetHints":{"allow":["GET"]}}],"collection":[{"href":"https:\/\/www.calpower.com\/web\/wp-json\/wp\/v2\/product"}],"about":[{"href":"https:\/\/www.calpower.com\/web\/wp-json\/wp\/v2\/types\/product"}],"replies":[{"embeddable":true,"href":"https:\/\/www.calpower.com\/web\/wp-json\/wp\/v2\/comments?post=4121"}],"wp:featuredmedia":[{"embeddable":true,"href":"https:\/\/www.calpower.com\/web\/wp-json\/wp\/v2\/media\/4122"}],"wp:attachment":[{"href":"https:\/\/www.calpower.com\/web\/wp-json\/wp\/v2\/media?parent=4121"}],"wp:term":[{"taxonomy":"product_brand","embeddable":true,"href":"https:\/\/www.calpower.com\/web\/wp-json\/wp\/v2\/product_brand?post=4121"},{"taxonomy":"product_cat","embeddable":true,"href":"https:\/\/www.calpower.com\/web\/wp-json\/wp\/v2\/product_cat?post=4121"},{"taxonomy":"product_tag","embeddable":true,"href":"https:\/\/www.calpower.com\/web\/wp-json\/wp\/v2\/product_tag?post=4121"}],"curies":[{"name":"wp","href":"https:\/\/api.w.org\/{rel}","templated":true}]}}