{"id":4112,"date":"2024-03-04T10:11:46","date_gmt":"2024-03-04T18:11:46","guid":{"rendered":"https:\/\/www.calpower.com\/web\/?post_type=product&#038;p=4112"},"modified":"2025-10-31T09:17:17","modified_gmt":"2025-10-31T16:17:17","slug":"used-cummins-100kw-generator","status":"publish","type":"product","link":"https:\/\/www.calpower.com\/web\/shop\/generadores-marinos\/used-cummins-100kw-generator\/","title":{"rendered":"Used CUMMINS 100kW Generator"},"content":{"rendered":"Generador CUMMINS di\u00e9sel | Trif\u00e1sico | Montado sobre pat\u00edn | No incluye tanque de combustible | Equipo limpio y probado con banco de carga","protected":false},"excerpt":{"rendered":"<ul>\n<li><span style=\"font-size: 15px;\"><strong>ID:<\/strong> 412<\/span><\/li>\n<li><span style=\"font-size: 15px;\"><strong>PRICE:<\/strong> $11,500 USD<\/span><\/li>\n<li><span style=\"font-size: 15px;\"><strong>CAPACITY:<\/strong> 100 kW Stand by<\/span><\/li>\n<li><span style=\"font-size: 15px;\"><strong>CONDITION:<\/strong> Used<\/span><\/li>\n<li><span style=\"font-size: 15px;\"><strong>MANUFACTURER:<\/strong> CUMMINS<\/span><\/li>\n<li><span style=\"font-size: 15px;\"><strong>ENGINE MANUFACTURER:<\/strong> CUMMINS<\/span><\/li>\n<li><span style=\"font-size: 15px;\"><strong>VOLTAGE:<\/strong> 120\/208<\/span><\/li>\n<li><span style=\"font-size: 15px;\"><strong>FREQUENCY:<\/strong> 60 Hz.<\/span><\/li>\n<li><span style=\"font-size: 15px;\"><strong>HOURS:<\/strong> 470<\/span><\/li>\n<li><strong>YEAR:<\/strong>\u00a0 1989<\/li>\n<li><span style=\"font-size: 15px;\"><strong>LOCATION:<\/strong> Quer\u00e9taro<\/span><\/li>\n<\/ul>\n","protected":false},"featured_media":6204,"comment_status":"closed","ping_status":"closed","template":"","meta":{"_acf_changed":false,"_joinchat":[]},"product_brand":[52],"product_cat":[482],"product_tag":[441,1049],"class_list":{"0":"post-4112","1":"product","2":"type-product","3":"status-publish","4":"has-post-thumbnail","6":"product_brand-cummins","7":"product_cat-generadores-marinos","8":"product_tag-es","9":"product_tag-renta","11":"first","12":"instock","13":"shipping-taxable","14":"purchasable","15":"product-type-simple"},"acf":[],"_links":{"self":[{"href":"https:\/\/www.calpower.com\/web\/wp-json\/wp\/v2\/product\/4112","targetHints":{"allow":["GET"]}}],"collection":[{"href":"https:\/\/www.calpower.com\/web\/wp-json\/wp\/v2\/product"}],"about":[{"href":"https:\/\/www.calpower.com\/web\/wp-json\/wp\/v2\/types\/product"}],"replies":[{"embeddable":true,"href":"https:\/\/www.calpower.com\/web\/wp-json\/wp\/v2\/comments?post=4112"}],"wp:featuredmedia":[{"embeddable":true,"href":"https:\/\/www.calpower.com\/web\/wp-json\/wp\/v2\/media\/6204"}],"wp:attachment":[{"href":"https:\/\/www.calpower.com\/web\/wp-json\/wp\/v2\/media?parent=4112"}],"wp:term":[{"taxonomy":"product_brand","embeddable":true,"href":"https:\/\/www.calpower.com\/web\/wp-json\/wp\/v2\/product_brand?post=4112"},{"taxonomy":"product_cat","embeddable":true,"href":"https:\/\/www.calpower.com\/web\/wp-json\/wp\/v2\/product_cat?post=4112"},{"taxonomy":"product_tag","embeddable":true,"href":"https:\/\/www.calpower.com\/web\/wp-json\/wp\/v2\/product_tag?post=4112"}],"curies":[{"name":"wp","href":"https:\/\/api.w.org\/{rel}","templated":true}]}}