{"id":3723,"date":"2025-09-25T14:33:16","date_gmt":"2025-09-25T21:33:16","guid":{"rendered":"https:\/\/www.calpower.com\/web\/?post_type=product&#038;p=3723"},"modified":"2025-09-26T10:36:43","modified_gmt":"2025-09-26T17:36:43","slug":"generador-caterpillar-100kw-usado","status":"publish","type":"product","link":"https:\/\/www.calpower.com\/web\/shop\/generadores\/generador-caterpillar-100kw-usado\/","title":{"rendered":"Generador Caterpillar 100kW Usado"},"content":{"rendered":"<p><span style=\"font-size: 15px;\">Generador Caterpillar 100 kW. Motor CAT. Modelo 3208. Generador sr4. 905 horas de uso. 240\/480v trif\u00e1sico. 1800 rpm. 60 Hz. Tablero de control an\u00e1logo. Encendido autom\u00e1tico y manual. Equipo sin tanque y sin caseta. Mofle incluido. Bater\u00edas no incluidas. Probado con banco de carga.<\/span><\/p>\n","protected":false},"excerpt":{"rendered":"<p>Generador Caterpillar 100 kW. Motor CAT. Modelo 3208. Generador sr4. 905 horas de uso. 240\/480v trif\u00e1sico. 1800 rpm. 60 Hz. Tablero de control an\u00e1logo. Encendido autom\u00e1tico y manual. Equipo sin tanque y sin caseta. Mofle incluido. Bater\u00edas no incluidas. Probado con banco de carga.<\/p>\n","protected":false},"featured_media":6226,"comment_status":"closed","ping_status":"closed","template":"","meta":{"_acf_changed":false,"_joinchat":[]},"product_brand":[42],"product_cat":[565],"product_tag":[441,116],"class_list":{"0":"post-3723","1":"product","2":"type-product","3":"status-publish","4":"has-post-thumbnail","6":"product_brand-caterpillar","7":"product_cat-generadores","8":"product_tag-es","9":"product_tag-id293","11":"first","12":"instock","13":"shipping-taxable","14":"purchasable","15":"product-type-simple"},"acf":[],"_links":{"self":[{"href":"https:\/\/www.calpower.com\/web\/wp-json\/wp\/v2\/product\/3723","targetHints":{"allow":["GET"]}}],"collection":[{"href":"https:\/\/www.calpower.com\/web\/wp-json\/wp\/v2\/product"}],"about":[{"href":"https:\/\/www.calpower.com\/web\/wp-json\/wp\/v2\/types\/product"}],"replies":[{"embeddable":true,"href":"https:\/\/www.calpower.com\/web\/wp-json\/wp\/v2\/comments?post=3723"}],"wp:featuredmedia":[{"embeddable":true,"href":"https:\/\/www.calpower.com\/web\/wp-json\/wp\/v2\/media\/6226"}],"wp:attachment":[{"href":"https:\/\/www.calpower.com\/web\/wp-json\/wp\/v2\/media?parent=3723"}],"wp:term":[{"taxonomy":"product_brand","embeddable":true,"href":"https:\/\/www.calpower.com\/web\/wp-json\/wp\/v2\/product_brand?post=3723"},{"taxonomy":"product_cat","embeddable":true,"href":"https:\/\/www.calpower.com\/web\/wp-json\/wp\/v2\/product_cat?post=3723"},{"taxonomy":"product_tag","embeddable":true,"href":"https:\/\/www.calpower.com\/web\/wp-json\/wp\/v2\/product_tag?post=3723"}],"curies":[{"name":"wp","href":"https:\/\/api.w.org\/{rel}","templated":true}]}}