{"id":1356,"date":"2019-07-17T14:15:40","date_gmt":"2019-07-17T21:15:40","guid":{"rendered":"http:\/\/localhost:8080\/?post_type=product&#038;p=1356"},"modified":"2025-09-26T10:36:43","modified_gmt":"2025-09-26T17:36:43","slug":"293-generator-caterpillar100-kw","status":"publish","type":"product","link":"https:\/\/www.calpower.com\/web\/en\/shop\/generator-en\/293-generator-caterpillar100-kw\/","title":{"rendered":"Used 100kW Generator Set"},"content":{"rendered":"Generador Caterpillar 100 kW. Motor CAT. Model 3208. Generador sr4. 905 horas de uso. 240\/480V three-phase. 1800 rpm. 60 Hz. Tablero de control anal\u00f3gico. Encendido autom\u00e1tico y manual. Equipo sin tanque y sin caset. Mofle incluido. Bater\u00edas no incluidas. Probado con banco de carga.","protected":false},"excerpt":{"rendered":"<ul>\n<li><span style=\"font-size: 15px;\"><strong>ITEM ID:<\/strong> 293<\/span><\/li>\n<li><span style=\"font-size: 15px;\"><strong>PRICE:<\/strong> $11,850 dlls<\/span><\/li>\n<li><span style=\"font-size: 15px;\"><strong>CAPACITY:<\/strong> 100 kW<\/span><\/li>\n<li><span style=\"font-size: 15px;\"><strong>CONDITION:<\/strong> Used<\/span><\/li>\n<li><span style=\"font-size: 15px;\"><strong>MANUFACTURER:<\/strong> Caterpillar<\/span><\/li>\n<li><span style=\"font-size: 15px;\"><strong>ENGINE MANUFACTURER:<\/strong> CAT<\/span><\/li>\n<li><span style=\"font-size: 15px;\"><strong>ENGINE MODEL:<\/strong> 3208<\/span><\/li>\n<li><span style=\"font-size: 15px;\"><strong>VOLTAGE:<\/strong> 240\/480V<\/span><\/li>\n<li><span style=\"font-size: 15px;\"><strong>FREQUENCY:<\/strong><\/span><\/li>\n<li><span style=\"font-size: 15px;\"><strong>CATEGORY:<\/strong> Generator Set<\/span><\/li>\n<li><span style=\"font-size: 15px;\"><strong>SUB-CATEGORY:<\/strong> Diesel Generator<\/span><\/li>\n<li><span style=\"font-size: 15px;\"><strong>HOURS:<\/strong> 905<\/span><\/li>\n<li><span style=\"font-size: 15px;\"><strong>YEAR:<\/strong> 1990<\/span><\/li>\n<li><span style=\"font-size: 15px;\"><strong>LOCATION:<\/strong> San Diego, CA.<\/span><\/li>\n<\/ul>\n","protected":false},"featured_media":6196,"comment_status":"closed","ping_status":"closed","template":"","meta":{"_acf_changed":false,"_joinchat":[]},"product_brand":[746],"product_cat":[34],"product_tag":[580,625],"class_list":{"0":"post-1356","1":"product","2":"type-product","3":"status-publish","4":"has-post-thumbnail","6":"product_brand-caterpillar-en","7":"product_cat-generator-en","8":"product_tag-en-en","9":"product_tag-id293-en","11":"first","12":"instock","13":"shipping-taxable","14":"purchasable","15":"product-type-simple"},"acf":[],"_links":{"self":[{"href":"https:\/\/www.calpower.com\/web\/wp-json\/wp\/v2\/product\/1356","targetHints":{"allow":["GET"]}}],"collection":[{"href":"https:\/\/www.calpower.com\/web\/wp-json\/wp\/v2\/product"}],"about":[{"href":"https:\/\/www.calpower.com\/web\/wp-json\/wp\/v2\/types\/product"}],"replies":[{"embeddable":true,"href":"https:\/\/www.calpower.com\/web\/wp-json\/wp\/v2\/comments?post=1356"}],"wp:featuredmedia":[{"embeddable":true,"href":"https:\/\/www.calpower.com\/web\/wp-json\/wp\/v2\/media\/6196"}],"wp:attachment":[{"href":"https:\/\/www.calpower.com\/web\/wp-json\/wp\/v2\/media?parent=1356"}],"wp:term":[{"taxonomy":"product_brand","embeddable":true,"href":"https:\/\/www.calpower.com\/web\/wp-json\/wp\/v2\/product_brand?post=1356"},{"taxonomy":"product_cat","embeddable":true,"href":"https:\/\/www.calpower.com\/web\/wp-json\/wp\/v2\/product_cat?post=1356"},{"taxonomy":"product_tag","embeddable":true,"href":"https:\/\/www.calpower.com\/web\/wp-json\/wp\/v2\/product_tag?post=1356"}],"curies":[{"name":"wp","href":"https:\/\/api.w.org\/{rel}","templated":true}]}}