{"id":1079,"date":"2018-10-02T14:01:30","date_gmt":"2018-10-02T21:01:30","guid":{"rendered":"http:\/\/localhost:8080\/?post_type=product&#038;p=1079"},"modified":"2025-09-25T09:35:21","modified_gmt":"2025-09-25T16:35:21","slug":"transcube-offshore-20tcg-os","status":"publish","type":"product","link":"https:\/\/www.calpower.com\/web\/en\/shop\/marine-generators-en\/transcube-offshore-20tcg-os\/","title":{"rendered":"TransCube Offshore 20TCG-OS"},"content":{"rendered":"El TransCube 20TCG-OS es un tanque de combustible de doble pared certificado para cumplimiento ambiental superior y facilidad de uso. Est\u00e1 aprobado seg\u00fan los m\u00e1s altos est\u00e1ndares para uso seguro en alta mar.\r\n<ul>\r\n \t<li>Aprobado por ABS seg\u00fan EN12079 para uso seguro en alta mar.<\/li>\r\n \t<li>Aprobado como paquete 31AY para el transporte de mercanc\u00edas peligrosas en el grupo de embalaje II y III.<\/li>\r\n \t<li>Boca de acceso para inspecci\u00f3n interna del tanque, f\u00e1cil limpieza y mantenimiento. Bolsillos de montacargas de cuatro v\u00edas para un f\u00e1cil manejo.<\/li>\r\n \t<li>Pintura de grado marine de alta calidad en el exterior del tanque.<\/li>\r\n \t<li>Apilable 3 de alto llenos o 5 de alto vac\u00edos.<\/li>\r\n \t<li>Doble muro, UL 142 dise\u00f1o para la protecci\u00f3n del medio ambiente.<\/li>\r\n \t<li>Gabinete de equipo con cerradura para asegurar todos los accesorios y tomacorrientes dentro del \u00e1rea de contenci\u00f3n secundaria con cerradura.<\/li>\r\n<\/ul>\r\n<strong><a href=\\\"https:\/\/www.calpower.com\/web\/wp-content\/uploads\/SDS_20TCG-OS_NA_V1.pdf\\\">Download PDF<\/a><\/strong>","protected":false},"excerpt":{"rendered":"<p>El TransCube 20TCG-OS es un tanque de combustible de doble pared certificado para cumplimiento ambiental superior y facilidad de uso. Est\u00e1 aprobado seg\u00fan los m\u00e1s altos est\u00e1ndares para uso seguro en alta mar. Aprobado por ABS seg\u00fan EN12079 para uso seguro en alta mar. Aprobado como paquete 31AY para el transporte de mercanc\u00edas peligrosas en [&hellip;]<\/p>\n","protected":false},"featured_media":1080,"comment_status":"closed","ping_status":"closed","template":"","meta":{"_acf_changed":false,"_joinchat":[]},"product_brand":[792],"product_cat":[122],"product_tag":[580],"class_list":{"0":"post-1079","1":"product","2":"type-product","3":"status-publish","4":"has-post-thumbnail","6":"product_brand-western-global-en","7":"product_cat-marine-generators-en","8":"product_tag-en-en","10":"first","11":"instock","12":"shipping-taxable","13":"product-type-simple"},"acf":[],"_links":{"self":[{"href":"https:\/\/www.calpower.com\/web\/wp-json\/wp\/v2\/product\/1079","targetHints":{"allow":["GET"]}}],"collection":[{"href":"https:\/\/www.calpower.com\/web\/wp-json\/wp\/v2\/product"}],"about":[{"href":"https:\/\/www.calpower.com\/web\/wp-json\/wp\/v2\/types\/product"}],"replies":[{"embeddable":true,"href":"https:\/\/www.calpower.com\/web\/wp-json\/wp\/v2\/comments?post=1079"}],"wp:featuredmedia":[{"embeddable":true,"href":"https:\/\/www.calpower.com\/web\/wp-json\/wp\/v2\/media\/1080"}],"wp:attachment":[{"href":"https:\/\/www.calpower.com\/web\/wp-json\/wp\/v2\/media?parent=1079"}],"wp:term":[{"taxonomy":"product_brand","embeddable":true,"href":"https:\/\/www.calpower.com\/web\/wp-json\/wp\/v2\/product_brand?post=1079"},{"taxonomy":"product_cat","embeddable":true,"href":"https:\/\/www.calpower.com\/web\/wp-json\/wp\/v2\/product_cat?post=1079"},{"taxonomy":"product_tag","embeddable":true,"href":"https:\/\/www.calpower.com\/web\/wp-json\/wp\/v2\/product_tag?post=1079"}],"curies":[{"name":"wp","href":"https:\/\/api.w.org\/{rel}","templated":true}]}}