{"id":1041,"date":"2018-10-02T13:24:57","date_gmt":"2018-10-02T20:24:57","guid":{"rendered":"http:\/\/localhost:8080\/?post_type=product&#038;p=1041"},"modified":"2025-09-25T09:35:55","modified_gmt":"2025-09-25T16:35:55","slug":"transcube-global-10tcg","status":"publish","type":"product","link":"https:\/\/www.calpower.com\/web\/en\/shop\/marine-generators-en\/transcube-global-10tcg\/","title":{"rendered":"TransCube Global 10TCG"},"content":{"rendered":"El TRANSCUBE 10TCG es ideal para uso en aplicaciones de energ\u00eda de reserva y reabastecimiento de combustible para equipos m\u00e1s peque\u00f1os, como calentadores industriales, generadores peque\u00f1os, torres de iluminaci\u00f3n... y m\u00e1s!\r\n<ul>\r\n \t<li>Transportable. Argollas de elevaci\u00f3n de carga completa, huecos para montacargas y deflectores internos dise\u00f1ados para permitir el manejo del tanque lleno de combustible.<\/li>\r\n \t<li>Apilable. F\u00e1cilmente apilable en 2 alturas llenas de combustible y 3 alturas vac\u00edas para reducir los requisitos de espacio de almacenamiento.<\/li>\r\n \t<li>Accesible. Boca de acceso para mantenimiento e inspecci\u00f3n del tanque interior. Dep\u00f3sito interior extra\u00edble para mantenimiento y limpieza.<\/li>\r\n \t<li>Eficiente. El gabinete del equipo con cerradura bloquea y asegura el equipo y los puertos de combustible para hacer funcionar hasta 3 equipos con motor di\u00e9sel.<\/li>\r\n \t<li>Ambientalmente seguro. Doble muro, El 110 % de contenci\u00f3n elimina la necesidad de bandejas para derrames, aprobado por UL 142.<\/li>\r\n<\/ul>\r\n<strong><a href=\\\"https:\/\/www.calpower.com\/web\/wp-content\/uploads\/SDS_10TCG_NA_V1.pdf\\\">Descargar PDF<\/a><\/strong>","protected":false},"excerpt":{"rendered":"<p>El TRANSCUBE 10TCG es ideal para uso en aplicaciones de energ\u00eda de reserva y reabastecimiento de combustible para equipos m\u00e1s peque\u00f1os, como calentadores industriales, generadores peque\u00f1os, torres de iluminaci\u00f3n&#8230; y m\u00e1s! Transportable. Argollas de elevaci\u00f3n de carga completa, huecos para montacargas y deflectores internos dise\u00f1ados para permitir el manejo del tanque lleno de combustible. Apilable. [&hellip;]<\/p>\n","protected":false},"featured_media":1042,"comment_status":"closed","ping_status":"closed","template":"","meta":{"_acf_changed":false,"_joinchat":[]},"product_brand":[792],"product_cat":[122],"product_tag":[580],"class_list":{"0":"post-1041","1":"product","2":"type-product","3":"status-publish","4":"has-post-thumbnail","6":"product_brand-western-global-en","7":"product_cat-marine-generators-en","8":"product_tag-en-en","10":"first","11":"instock","12":"shipping-taxable","13":"product-type-simple"},"acf":[],"_links":{"self":[{"href":"https:\/\/www.calpower.com\/web\/wp-json\/wp\/v2\/product\/1041","targetHints":{"allow":["GET"]}}],"collection":[{"href":"https:\/\/www.calpower.com\/web\/wp-json\/wp\/v2\/product"}],"about":[{"href":"https:\/\/www.calpower.com\/web\/wp-json\/wp\/v2\/types\/product"}],"replies":[{"embeddable":true,"href":"https:\/\/www.calpower.com\/web\/wp-json\/wp\/v2\/comments?post=1041"}],"wp:featuredmedia":[{"embeddable":true,"href":"https:\/\/www.calpower.com\/web\/wp-json\/wp\/v2\/media\/1042"}],"wp:attachment":[{"href":"https:\/\/www.calpower.com\/web\/wp-json\/wp\/v2\/media?parent=1041"}],"wp:term":[{"taxonomy":"product_brand","embeddable":true,"href":"https:\/\/www.calpower.com\/web\/wp-json\/wp\/v2\/product_brand?post=1041"},{"taxonomy":"product_cat","embeddable":true,"href":"https:\/\/www.calpower.com\/web\/wp-json\/wp\/v2\/product_cat?post=1041"},{"taxonomy":"product_tag","embeddable":true,"href":"https:\/\/www.calpower.com\/web\/wp-json\/wp\/v2\/product_tag?post=1041"}],"curies":[{"name":"wp","href":"https:\/\/api.w.org\/{rel}","templated":true}]}}