{"id":1002,"date":"2018-10-02T12:49:11","date_gmt":"2018-10-02T19:49:11","guid":{"rendered":"http:\/\/localhost:8080\/?post_type=product&#038;p=1002"},"modified":"2025-09-25T09:36:44","modified_gmt":"2025-09-25T16:36:44","slug":"power-transformer","status":"publish","type":"product","link":"https:\/\/www.calpower.com\/web\/en\/shop\/marine-generators-en\/power-transformer\/","title":{"rendered":"Cable Managment &amp; Power Distribution"},"content":{"rendered":"Los eventos al aire libre requieren un suministro de energ\u00eda confiable que sea seguro dados los peligros el\u00e9ctricos que normalmente pueden existir al aire libre.\r\n\r\nLa colecci\u00f3n UltraGuard es vers\u00e1til en todas las industrias. Desde proyectos livianos hasta pesados, ofrece una rampa de cable de bajo perfil dise\u00f1ada para facilitar el tr\u00e1fico de veh\u00edculos y peatones. Adem\u00e1s de nuestro protector de 5 canales, tambi\u00e9n ofrecemos el primer y \u00fanico protector de 7 canales del mercado.\r\n\r\nEsta colecci\u00f3n Heavy Duty ofrece canales de tama\u00f1o de 2\u201d y 3\u201d. Los productos est\u00e1n disponibles en m\u00faltiples opciones de canales, incluidos giros y tapas finales. La colecci\u00f3n MightyGuard se enfoca en proteger cables y mangueras de mayor tama\u00f1o del tr\u00e1fico de veh\u00edculos pesados.\r\n\r\nLas cajas de ara\u00f1a proporcionan energ\u00eda temporal para eventos y sitios al aire libre que es confiable y segura. Unidades port\u00e1tiles de distribuci\u00f3n de energ\u00eda Spider II con 7 salidas de 20 amperios y 120 voltios.\r\n\r\n````","protected":false},"excerpt":{"rendered":"<p>Los eventos al aire libre requieren un suministro de energ\u00eda confiable que sea seguro dados los peligros el\u00e9ctricos que normalmente pueden existir al aire libre. La colecci\u00f3n UltraGuard es vers\u00e1til en todas las industrias. Desde proyectos livianos hasta pesados, ofrece una rampa de cable de bajo perfil dise\u00f1ada para facilitar el tr\u00e1fico de veh\u00edculos y [&hellip;]<\/p>\n","protected":false},"featured_media":1638,"comment_status":"closed","ping_status":"closed","template":"","meta":{"_acf_changed":false,"_joinchat":[]},"product_brand":[],"product_cat":[122],"product_tag":[580],"class_list":{"0":"post-1002","1":"product","2":"type-product","3":"status-publish","4":"has-post-thumbnail","6":"product_cat-marine-generators-en","7":"product_tag-en-en","9":"first","10":"instock","11":"shipping-taxable","12":"product-type-simple"},"acf":[],"_links":{"self":[{"href":"https:\/\/www.calpower.com\/web\/wp-json\/wp\/v2\/product\/1002","targetHints":{"allow":["GET"]}}],"collection":[{"href":"https:\/\/www.calpower.com\/web\/wp-json\/wp\/v2\/product"}],"about":[{"href":"https:\/\/www.calpower.com\/web\/wp-json\/wp\/v2\/types\/product"}],"replies":[{"embeddable":true,"href":"https:\/\/www.calpower.com\/web\/wp-json\/wp\/v2\/comments?post=1002"}],"wp:featuredmedia":[{"embeddable":true,"href":"https:\/\/www.calpower.com\/web\/wp-json\/wp\/v2\/media\/1638"}],"wp:attachment":[{"href":"https:\/\/www.calpower.com\/web\/wp-json\/wp\/v2\/media?parent=1002"}],"wp:term":[{"taxonomy":"product_brand","embeddable":true,"href":"https:\/\/www.calpower.com\/web\/wp-json\/wp\/v2\/product_brand?post=1002"},{"taxonomy":"product_cat","embeddable":true,"href":"https:\/\/www.calpower.com\/web\/wp-json\/wp\/v2\/product_cat?post=1002"},{"taxonomy":"product_tag","embeddable":true,"href":"https:\/\/www.calpower.com\/web\/wp-json\/wp\/v2\/product_tag?post=1002"}],"curies":[{"name":"wp","href":"https:\/\/api.w.org\/{rel}","templated":true}]}}